{"id":233,"date":"2024-03-06T17:22:28","date_gmt":"2024-03-06T17:22:28","guid":{"rendered":"https:\/\/www.quintadamarmela.com\/novo\/?page_id=233"},"modified":"2024-03-06T20:46:04","modified_gmt":"2024-03-06T20:46:04","slug":"privacy-policy","status":"publish","type":"page","link":"https:\/\/www.quintadamarmela.com\/fr\/privacy-policy\/","title":{"rendered":"Politique de Confidentialit\u00e9"},"content":{"rendered":"<div data-elementor-type=\"wp-page\" data-elementor-id=\"233\" class=\"elementor elementor-233\" data-elementor-post-type=\"page\">\n\t\t\t\t<div class=\"elementor-element elementor-element-64bc2e5 e-flex e-con-boxed e-con e-parent\" data-id=\"64bc2e5\" data-element_type=\"container\" data-settings=\"{&quot;background_background&quot;:&quot;classic&quot;}\" data-core-v316-plus=\"true\">\n\t\t\t\t\t<div class=\"e-con-inner\">\n\t\t\t\t<div class=\"elementor-element elementor-element-27b93ef elementor-widget elementor-widget-heading\" data-id=\"27b93ef\" data-element_type=\"widget\" data-widget_type=\"heading.default\">\n\t\t\t\t<div class=\"elementor-widget-container\">\n\t\t\t<style>\/*! elementor - v3.20.0 - 26-03-2024 *\/\n.elementor-heading-title{padding:0;margin:0;line-height:1}.elementor-widget-heading .elementor-heading-title[class*=elementor-size-]>a{color:inherit;font-size:inherit;line-height:inherit}.elementor-widget-heading .elementor-heading-title.elementor-size-small{font-size:15px}.elementor-widget-heading .elementor-heading-title.elementor-size-medium{font-size:19px}.elementor-widget-heading .elementor-heading-title.elementor-size-large{font-size:29px}.elementor-widget-heading .elementor-heading-title.elementor-size-xl{font-size:39px}.elementor-widget-heading .elementor-heading-title.elementor-size-xxl{font-size:59px}<\/style><h1 class=\"elementor-heading-title elementor-size-default\">Politique de Confidentialit\u00e9<\/h1>\t\t<\/div>\n\t\t\t\t<\/div>\n\t\t\t\t\t<\/div>\n\t\t\t\t<\/div>\n\t\t<div class=\"elementor-element elementor-element-3fa6cb3 e-flex e-con-boxed e-con e-parent\" data-id=\"3fa6cb3\" data-element_type=\"container\" data-core-v316-plus=\"true\">\n\t\t\t\t\t<div class=\"e-con-inner\">\n\t\t<div class=\"elementor-element elementor-element-422da72 e-flex e-con-boxed e-con e-child\" data-id=\"422da72\" data-element_type=\"container\">\n\t\t\t\t\t<div class=\"e-con-inner\">\n\t\t\t\t<div class=\"elementor-element elementor-element-d626f8a elementor-widget elementor-widget-text-editor\" data-id=\"d626f8a\" data-element_type=\"widget\" data-widget_type=\"text-editor.default\">\n\t\t\t\t<div class=\"elementor-widget-container\">\n\t\t\t<style>\/*! elementor - v3.20.0 - 26-03-2024 *\/\n.elementor-widget-text-editor.elementor-drop-cap-view-stacked .elementor-drop-cap{background-color:#69727d;color:#fff}.elementor-widget-text-editor.elementor-drop-cap-view-framed .elementor-drop-cap{color:#69727d;border:3px solid;background-color:transparent}.elementor-widget-text-editor:not(.elementor-drop-cap-view-default) .elementor-drop-cap{margin-top:8px}.elementor-widget-text-editor:not(.elementor-drop-cap-view-default) .elementor-drop-cap-letter{width:1em;height:1em}.elementor-widget-text-editor .elementor-drop-cap{float:left;text-align:center;line-height:1;font-size:50px}.elementor-widget-text-editor .elementor-drop-cap-letter{display:inline-block}<\/style>\t\t\t\t<p><b>Quinta<\/b> <strong>da Marmela<\/strong> respecte la vie priv\u00e9e de tous les utilisateurs et nous garantissons la confidentialit\u00e9 de toutes les donn\u00e9es fournies par ses clients. <br \/>Les donn\u00e9es fournies sur ce site Web seront uniquement utilis\u00e9es pour traiter votre s\u00e9jour ou pour envoyer des newsletters contenant des informations sur nos services. <br \/>L'utilisation de ces informations et donn\u00e9es sera effectu\u00e9e dans le respect de la l\u00e9gislation applicable en mati\u00e8re de protection des donn\u00e9es personnelles \u2013 Loi 67\/98 du 26 octobre, Loi sur la protection des donn\u00e9es \u2013 afin d'assurer la confidentialit\u00e9 et la s\u00e9curit\u00e9 des donn\u00e9es personnelles fournies. <br \/>Dans le cadre de la gestion des donn\u00e9es clients, les donn\u00e9es personnelles collect\u00e9es seront transmises \u00e0 des tiers qui sont des entreprises de transport de marchandises dans le but unique et exclusif de r\u00e9aliser et d'ex\u00e9cuter pleinement les services ou produits achet\u00e9s par l'utilisateur, titulaire des donn\u00e9es personnelles collect\u00e9es. <br \/>La fourniture des donn\u00e9es personnelles est facultative et le droit d'acc\u00e8s, de rectification et d'annulation des donn\u00e9es fournies sera toujours garanti, conform\u00e9ment \u00e0 la loi, et ce droit peut \u00eatre exerc\u00e9 en personne ou par \u00e9crit, directement \u00e0 l'adresse indiqu\u00e9e sur le site. <br \/>En visitant ce site Web, vous acceptez sa politique de confidentialit\u00e9.<\/p><p>\u00a0<\/p><p><strong>Conditions g\u00e9n\u00e9rales<\/strong><br \/>L'Utilisateur s'engage \u00e0 utiliser ce site Web dans le respect des dispositions de la l\u00e9gislation applicable, en s'abstenant d'utiliser le site Web pour des activit\u00e9s contraires \u00e0 la loi, \u00e0 la morale et aux bonnes coutumes, ou aux droits et int\u00e9r\u00eats de tiers. <br \/>Ce site Web peut contenir des liens vers d\u2019autres sites Web, qui peuvent contenir des informations\/outils utiles pour ses utilisateurs. Les pr\u00e9sentes conditions g\u00e9n\u00e9rales ne s'appliqueront pas aux sites Internet tiers. <br \/>Par cons\u00e9quent, si l\u2019utilisateur visite un autre site Web, redirig\u00e9 depuis mon site Web, il doit lire sa politique de confidentialit\u00e9.<\/p><p>\u00a0<\/p><p><strong>Modifications des pr\u00e9sentes Conditions<\/strong><br \/><strong>Quinta da Marmela<\/strong> se r\u00e9serve le droit de modifier unilat\u00e9ralement et \u00e0 tout moment, sans pr\u00e9avis, la pr\u00e9sentation et le contenu du site Internet, de ses services et des conditions g\u00e9n\u00e9rales d'utilisation. Ces modifications serviront \u00e0 am\u00e9liorer notre site Web, am\u00e9liorant simultan\u00e9ment les services offerts \u00e0 mes visiteurs et clients.<\/p><p>\u00a0<\/p><p><strong>Propri\u00e9t\u00e9 intellectuelle<\/strong><br \/>L'ensemble du contenu et des informations de ce site Internet sont notre propri\u00e9t\u00e9 et donc l'utilisation, la reproduction, la copie et la diffusion par d'autres moyens de logos, textes, images et vid\u00e9os sont soumises \u00e0 mon autorisation pr\u00e9alable \u00e0 cet \u00e9gard.<\/p>\t\t\t\t\t\t<\/div>\n\t\t\t\t<\/div>\n\t\t\t\t\t<\/div>\n\t\t\t\t<\/div>\n\t\t\t\t\t<\/div>\n\t\t\t\t<\/div>\n\t\t\t\t<\/div>","protected":false},"excerpt":{"rendered":"<p>Quinta da Marmela respects the privacy of all users and we guarantee the confidentiality of all data provided by its customers. The data provided on this website will only be used to process your stay or send newsletters with information about our services. The use of this information and data will be carried out in [&hellip;]<\/p>","protected":false},"author":1,"featured_media":0,"parent":0,"menu_order":0,"comment_status":"closed","ping_status":"closed","template":"","meta":{"footnotes":""},"class_list":["post-233","page","type-page","status-publish","hentry"],"yoast_head":"<!-- This site is optimized with the Yoast SEO Premium plugin v22.1 (Yoast SEO v22.1) - https:\/\/yoast.com\/wordpress\/plugins\/seo\/ -->\n<title>Privacy Policy - Quinta da Marmela<\/title>\n<meta name=\"robots\" content=\"index, follow, max-snippet:-1, max-image-preview:large, max-video-preview:-1\" \/>\n<link rel=\"canonical\" href=\"https:\/\/www.quintadamarmela.com\/fr\/privacy-policy\/\" \/>\n<meta property=\"og:locale\" content=\"fr_FR\" \/>\n<meta property=\"og:type\" content=\"article\" \/>\n<meta property=\"og:title\" content=\"Privacy Policy\" \/>\n<meta property=\"og:description\" content=\"Quinta da Marmela respects the privacy of all users and we guarantee the confidentiality of all data provided by its customers. The data provided on this website will only be used to process your stay or send newsletters with information about our services. The use of this information and data will be carried out in [&hellip;]\" \/>\n<meta property=\"og:url\" content=\"https:\/\/www.quintadamarmela.com\/fr\/privacy-policy\/\" \/>\n<meta property=\"og:site_name\" content=\"Quinta da Marmela\" \/>\n<meta property=\"article:publisher\" content=\"https:\/\/www.facebook.com\/people\/Quinta-da-Marmela\/100078447232888\/\" \/>\n<meta property=\"article:modified_time\" content=\"2024-03-06T20:46:04+00:00\" \/>\n<meta property=\"og:image\" content=\"https:\/\/www.quintadamarmela.com\/wp-content\/uploads\/2024\/04\/og-quinta.png\" \/>\n\t<meta property=\"og:image:width\" content=\"1200\" \/>\n\t<meta property=\"og:image:height\" content=\"630\" \/>\n\t<meta property=\"og:image:type\" content=\"image\/png\" \/>\n<meta name=\"twitter:card\" content=\"summary_large_image\" \/>\n<meta name=\"twitter:label1\" content=\"Dur\u00e9e de lecture estim\u00e9e\" \/>\n\t<meta name=\"twitter:data1\" content=\"2 minutes\" \/>\n<script type=\"application\/ld+json\" class=\"yoast-schema-graph\">{\"@context\":\"https:\/\/schema.org\",\"@graph\":[{\"@type\":\"WebPage\",\"@id\":\"https:\/\/www.quintadamarmela.com\/privacy-policy\/\",\"url\":\"https:\/\/www.quintadamarmela.com\/privacy-policy\/\",\"name\":\"Privacy Policy - Quinta da Marmela\",\"isPartOf\":{\"@id\":\"https:\/\/www.quintadamarmela.com\/#website\"},\"datePublished\":\"2024-03-06T17:22:28+00:00\",\"dateModified\":\"2024-03-06T20:46:04+00:00\",\"breadcrumb\":{\"@id\":\"https:\/\/www.quintadamarmela.com\/privacy-policy\/#breadcrumb\"},\"inLanguage\":\"fr-FR\",\"potentialAction\":[{\"@type\":\"ReadAction\",\"target\":[\"https:\/\/www.quintadamarmela.com\/privacy-policy\/\"]}]},{\"@type\":\"BreadcrumbList\",\"@id\":\"https:\/\/www.quintadamarmela.com\/privacy-policy\/#breadcrumb\",\"itemListElement\":[{\"@type\":\"ListItem\",\"position\":1,\"name\":\"Home\",\"item\":\"https:\/\/www.quintadamarmela.com\/\"},{\"@type\":\"ListItem\",\"position\":2,\"name\":\"Privacy Policy\"}]},{\"@type\":\"WebSite\",\"@id\":\"https:\/\/www.quintadamarmela.com\/#website\",\"url\":\"https:\/\/www.quintadamarmela.com\/\",\"name\":\"Quinta da Marmela\",\"description\":\"Rural Accommodation\",\"publisher\":{\"@id\":\"https:\/\/www.quintadamarmela.com\/#organization\"},\"potentialAction\":[{\"@type\":\"SearchAction\",\"target\":{\"@type\":\"EntryPoint\",\"urlTemplate\":\"https:\/\/www.quintadamarmela.com\/?s={search_term_string}\"},\"query-input\":\"required name=search_term_string\"}],\"inLanguage\":\"fr-FR\"},{\"@type\":\"Organization\",\"@id\":\"https:\/\/www.quintadamarmela.com\/#organization\",\"name\":\"Quinta da Marmela\",\"url\":\"https:\/\/www.quintadamarmela.com\/\",\"logo\":{\"@type\":\"ImageObject\",\"inLanguage\":\"fr-FR\",\"@id\":\"https:\/\/www.quintadamarmela.com\/#\/schema\/logo\/image\/\",\"url\":\"https:\/\/www.quintadamarmela.com\/wp-content\/uploads\/2024\/03\/icon.png\",\"contentUrl\":\"https:\/\/www.quintadamarmela.com\/wp-content\/uploads\/2024\/03\/icon.png\",\"width\":591,\"height\":592,\"caption\":\"Quinta da Marmela\"},\"image\":{\"@id\":\"https:\/\/www.quintadamarmela.com\/#\/schema\/logo\/image\/\"},\"sameAs\":[\"https:\/\/www.facebook.com\/people\/Quinta-da-Marmela\/100078447232888\/\",\"https:\/\/www.instagram.com\/quinta_marmela\/\"],\"description\":\"Descubra a hist\u00f3ria e a qualidade de vida de Portugal.\",\"email\":\"marmela2015@gmail.com\",\"telephone\":\"+351935425713\"}]}<\/script>\n<!-- \/ Yoast SEO Premium plugin. -->","yoast_head_json":{"title":"Privacy Policy - Quinta da Marmela","robots":{"index":"index","follow":"follow","max-snippet":"max-snippet:-1","max-image-preview":"max-image-preview:large","max-video-preview":"max-video-preview:-1"},"canonical":"https:\/\/www.quintadamarmela.com\/fr\/privacy-policy\/","og_locale":"fr_FR","og_type":"article","og_title":"Privacy Policy","og_description":"Quinta da Marmela respects the privacy of all users and we guarantee the confidentiality of all data provided by its customers. The data provided on this website will only be used to process your stay or send newsletters with information about our services. The use of this information and data will be carried out in [&hellip;]","og_url":"https:\/\/www.quintadamarmela.com\/fr\/privacy-policy\/","og_site_name":"Quinta da Marmela","article_publisher":"https:\/\/www.facebook.com\/people\/Quinta-da-Marmela\/100078447232888\/","article_modified_time":"2024-03-06T20:46:04+00:00","og_image":[{"width":1200,"height":630,"url":"https:\/\/www.quintadamarmela.com\/wp-content\/uploads\/2024\/04\/og-quinta.png","type":"image\/png"}],"twitter_card":"summary_large_image","twitter_misc":{"Dur\u00e9e de lecture estim\u00e9e":"2 minutes"},"schema":{"@context":"https:\/\/schema.org","@graph":[{"@type":"WebPage","@id":"https:\/\/www.quintadamarmela.com\/privacy-policy\/","url":"https:\/\/www.quintadamarmela.com\/privacy-policy\/","name":"Privacy Policy - Quinta da Marmela","isPartOf":{"@id":"https:\/\/www.quintadamarmela.com\/#website"},"datePublished":"2024-03-06T17:22:28+00:00","dateModified":"2024-03-06T20:46:04+00:00","breadcrumb":{"@id":"https:\/\/www.quintadamarmela.com\/privacy-policy\/#breadcrumb"},"inLanguage":"fr-FR","potentialAction":[{"@type":"ReadAction","target":["https:\/\/www.quintadamarmela.com\/privacy-policy\/"]}]},{"@type":"BreadcrumbList","@id":"https:\/\/www.quintadamarmela.com\/privacy-policy\/#breadcrumb","itemListElement":[{"@type":"ListItem","position":1,"name":"Home","item":"https:\/\/www.quintadamarmela.com\/"},{"@type":"ListItem","position":2,"name":"Privacy Policy"}]},{"@type":"WebSite","@id":"https:\/\/www.quintadamarmela.com\/#website","url":"https:\/\/www.quintadamarmela.com\/","name":"Quinta da Marmela","description":"Rural Accommodation","publisher":{"@id":"https:\/\/www.quintadamarmela.com\/#organization"},"potentialAction":[{"@type":"SearchAction","target":{"@type":"EntryPoint","urlTemplate":"https:\/\/www.quintadamarmela.com\/?s={search_term_string}"},"query-input":"required name=search_term_string"}],"inLanguage":"fr-FR"},{"@type":"Organization","@id":"https:\/\/www.quintadamarmela.com\/#organization","name":"Quinta da Marmela","url":"https:\/\/www.quintadamarmela.com\/","logo":{"@type":"ImageObject","inLanguage":"fr-FR","@id":"https:\/\/www.quintadamarmela.com\/#\/schema\/logo\/image\/","url":"https:\/\/www.quintadamarmela.com\/wp-content\/uploads\/2024\/03\/icon.png","contentUrl":"https:\/\/www.quintadamarmela.com\/wp-content\/uploads\/2024\/03\/icon.png","width":591,"height":592,"caption":"Quinta da Marmela"},"image":{"@id":"https:\/\/www.quintadamarmela.com\/#\/schema\/logo\/image\/"},"sameAs":["https:\/\/www.facebook.com\/people\/Quinta-da-Marmela\/100078447232888\/","https:\/\/www.instagram.com\/quinta_marmela\/"],"description":"Descubra a hist\u00f3ria e a qualidade de vida de Portugal.","email":"marmela2015@gmail.com","telephone":"+351935425713"}]}},"_links":{"self":[{"href":"https:\/\/www.quintadamarmela.com\/fr\/wp-json\/wp\/v2\/pages\/233","targetHints":{"allow":["GET"]}}],"collection":[{"href":"https:\/\/www.quintadamarmela.com\/fr\/wp-json\/wp\/v2\/pages"}],"about":[{"href":"https:\/\/www.quintadamarmela.com\/fr\/wp-json\/wp\/v2\/types\/page"}],"author":[{"embeddable":true,"href":"https:\/\/www.quintadamarmela.com\/fr\/wp-json\/wp\/v2\/users\/1"}],"replies":[{"embeddable":true,"href":"https:\/\/www.quintadamarmela.com\/fr\/wp-json\/wp\/v2\/comments?post=233"}],"version-history":[{"count":14,"href":"https:\/\/www.quintadamarmela.com\/fr\/wp-json\/wp\/v2\/pages\/233\/revisions"}],"predecessor-version":[{"id":293,"href":"https:\/\/www.quintadamarmela.com\/fr\/wp-json\/wp\/v2\/pages\/233\/revisions\/293"}],"wp:attachment":[{"href":"https:\/\/www.quintadamarmela.com\/fr\/wp-json\/wp\/v2\/media?parent=233"}],"curies":[{"name":"wp","href":"https:\/\/api.w.org\/{rel}","templated":true}]}}