{"id":239,"date":"2024-03-06T17:26:43","date_gmt":"2024-03-06T17:26:43","guid":{"rendered":"https:\/\/www.quintadamarmela.com\/novo\/?page_id=239"},"modified":"2024-03-06T20:44:36","modified_gmt":"2024-03-06T20:44:36","slug":"cookies-policy","status":"publish","type":"page","link":"https:\/\/www.quintadamarmela.com\/fr\/cookies-policy\/","title":{"rendered":"Politique de Cookies"},"content":{"rendered":"<div data-elementor-type=\"wp-page\" data-elementor-id=\"239\" class=\"elementor elementor-239\" data-elementor-post-type=\"page\">\n\t\t\t\t<div class=\"elementor-element elementor-element-8c478ba e-flex e-con-boxed e-con e-parent\" data-id=\"8c478ba\" data-element_type=\"container\" data-settings=\"{&quot;background_background&quot;:&quot;classic&quot;}\" data-core-v316-plus=\"true\">\n\t\t\t\t\t<div class=\"e-con-inner\">\n\t\t\t\t<div class=\"elementor-element elementor-element-69acbf6 elementor-widget elementor-widget-heading\" data-id=\"69acbf6\" data-element_type=\"widget\" data-widget_type=\"heading.default\">\n\t\t\t\t<div class=\"elementor-widget-container\">\n\t\t\t<style>\/*! elementor - v3.20.0 - 26-03-2024 *\/\n.elementor-heading-title{padding:0;margin:0;line-height:1}.elementor-widget-heading .elementor-heading-title[class*=elementor-size-]>a{color:inherit;font-size:inherit;line-height:inherit}.elementor-widget-heading .elementor-heading-title.elementor-size-small{font-size:15px}.elementor-widget-heading .elementor-heading-title.elementor-size-medium{font-size:19px}.elementor-widget-heading .elementor-heading-title.elementor-size-large{font-size:29px}.elementor-widget-heading .elementor-heading-title.elementor-size-xl{font-size:39px}.elementor-widget-heading .elementor-heading-title.elementor-size-xxl{font-size:59px}<\/style><h1 class=\"elementor-heading-title elementor-size-default\">Politique de Cookies<\/h1>\t\t<\/div>\n\t\t\t\t<\/div>\n\t\t\t\t\t<\/div>\n\t\t\t\t<\/div>\n\t\t<div class=\"elementor-element elementor-element-94b6200 e-flex e-con-boxed e-con e-parent\" data-id=\"94b6200\" data-element_type=\"container\" data-core-v316-plus=\"true\">\n\t\t\t\t\t<div class=\"e-con-inner\">\n\t\t<div class=\"elementor-element elementor-element-5197a6e e-flex e-con-boxed e-con e-child\" data-id=\"5197a6e\" data-element_type=\"container\">\n\t\t\t\t\t<div class=\"e-con-inner\">\n\t\t\t\t<div class=\"elementor-element elementor-element-c20f440 elementor-widget elementor-widget-text-editor\" data-id=\"c20f440\" data-element_type=\"widget\" data-widget_type=\"text-editor.default\">\n\t\t\t\t<div class=\"elementor-widget-container\">\n\t\t\t<style>\/*! elementor - v3.20.0 - 26-03-2024 *\/\n.elementor-widget-text-editor.elementor-drop-cap-view-stacked .elementor-drop-cap{background-color:#69727d;color:#fff}.elementor-widget-text-editor.elementor-drop-cap-view-framed .elementor-drop-cap{color:#69727d;border:3px solid;background-color:transparent}.elementor-widget-text-editor:not(.elementor-drop-cap-view-default) .elementor-drop-cap{margin-top:8px}.elementor-widget-text-editor:not(.elementor-drop-cap-view-default) .elementor-drop-cap-letter{width:1em;height:1em}.elementor-widget-text-editor .elementor-drop-cap{float:left;text-align:center;line-height:1;font-size:50px}.elementor-widget-text-editor .elementor-drop-cap-letter{display:inline-block}<\/style>\t\t\t\t<p><span>Diff\u00e9rents cookies sont utilis\u00e9s sur les sites Web d\u00e9velopp\u00e9s par <\/span><strong><a href=\"https:\/\/translate.google.com\/website?sl=en&amp;tl=pt&amp;hl=en&amp;client=webapp&amp;u=https:\/\/rafaelduque.me\/\" target=\"_blank\" rel=\"noopener\"><span>Rafael Duque. <\/span><\/a><\/strong><span>Un cookie est un petit fichier contenant des lettres et des chiffres qui est enregistr\u00e9 par le navigateur que vous utilisez sur votre disque dur. Ces cookies sont utilis\u00e9s pour vous distinguer des autres utilisateurs de nos sites Web, sans stocker aucune information personnelle identifiable. L'utilisation de ces cookies nous aide \u00e0 vous offrir une bonne exp\u00e9rience de navigation sur le site et nous permet \u00e9galement d'apporter des am\u00e9liorations constantes.<\/span><\/p><p><span>Nous utilisons \u00e9galement des cookies de Google Analytics, qui nous permettent de reconna\u00eetre et de compter le nombre de visiteurs et de comprendre comment ils se d\u00e9placent lors de leur navigation sur les sites et applications de <\/span><strong><span>Quinta da Marmela<\/span><\/strong><span> Cela nous aide \u00e0 am\u00e9liorer le fonctionnement de nos sites, par exemple en garantissant que les utilisateurs trouvent facilement ce qu'ils recherchent.<\/span><\/p><p><span>Aucun de nos cookies ne stocke d'informations personnelles sur les utilisateurs, telles que leur nom ou leur adresse. Veuillez noter que la restriction des cookies peut avoir un impact sur la fonctionnalit\u00e9 du site Web.<\/span><\/p><p>\u00a0<\/p><p><strong><span>Validit\u00e9 de la politique des cookies<\/span><\/strong><\/p><p><span>La politique en mati\u00e8re de cookies d\u00e9crite dans ce document est applicable notamment aux domaines suivants.<\/span><\/p><table border=\"1\" cellspacing=\"0\" cellpadding=\"0\"><tbody><tr><td><strong>Domaine<\/strong><\/td><td><strong>Site<\/strong><\/td><\/tr><tr><td>www.quintadamarmela.com<\/td><td><span>Quinta da Marmela<\/span><\/td><\/tr><\/tbody><\/table><p><span>a) Cette politique en mati\u00e8re de cookies s'applique \u00e0 tous les sites Web h\u00e9berg\u00e9s sur ce site Web.<\/span><\/p><p>\u00a0<\/p><p><strong><span>Nos cookies<\/span><\/strong><\/p><p><span>Dans le tableau ci-dessous, vous pouvez trouver plus d'informations sur les diff\u00e9rents cookies que nous utilisons et la finalit\u00e9 de chacun d'eux:<\/span><\/p><table border=\"1\" cellspacing=\"0\" cellpadding=\"0\"><tbody><tr><td><strong><span>Type de cookie<\/span><\/strong><\/td><td><strong><span>But<\/span><\/strong><\/td><\/tr><tr><td><strong><span>Cookies strictement n\u00e9cessaires<\/span><\/strong><\/td><td><span>Ils vous permettent de naviguer sur le site Internet et d'utiliser ses applications. Sans ces cookies, les services que vous avez demand\u00e9s ne pourront pas \u00eatre fournis<\/span><\/td><\/tr><tr><td><strong><span>Cookies analytiques<\/span><\/strong><\/td><td><span>Ils sont utilis\u00e9s de mani\u00e8re anonyme \u00e0 des fins de cr\u00e9ation et d'analyse de statistiques, afin d'am\u00e9liorer le fonctionnement du site Internet.<\/span><\/td><\/tr><tr><td><strong><span>Cookies de fonctionnalit\u00e9<\/span><\/strong><\/td><td><span>Ils enregistrent les pr\u00e9f\u00e9rences de l'utilisateur concernant l'utilisation du site Internet, afin qu'il ne soit pas n\u00e9cessaire de reconfigurer le site Internet \u00e0 chaque fois qu'il le visite.<\/span><\/td><\/tr><\/tbody><\/table><p>\u00a0<\/p><p><strong><span>Cookies de plateformes et sites Web externes<\/span><\/strong><\/p><p><span>Afin de faciliter la publication de notre contenu, des photos et des vid\u00e9os provenant d'autres sites Web, tels que YouTube, sont parfois incluses. Lors de la visite de publications dont le contenu est tel que ceux mentionn\u00e9s ci-dessus, des cookies de ces sites Web peuvent \u00eatre cr\u00e9\u00e9s. <strong>Quinta <\/strong><\/span><strong><span>da Marmela<\/span><\/strong><span> n'a aucun contr\u00f4le sur la diffusion de ces cookies.<\/span><\/p>\t\t\t\t\t\t<\/div>\n\t\t\t\t<\/div>\n\t\t\t\t\t<\/div>\n\t\t\t\t<\/div>\n\t\t\t\t\t<\/div>\n\t\t\t\t<\/div>\n\t\t\t\t<\/div>","protected":false},"excerpt":{"rendered":"<p>Various cookies are used on the websites developed by Rafael Duque . A cookie is a small file with letters and numbers that is saved by the browser you are using on your hard drive. These cookies are used to distinguish you from other users of our websites, without storing any personally identifiable information. The [&hellip;]<\/p>","protected":false},"author":1,"featured_media":0,"parent":0,"menu_order":0,"comment_status":"closed","ping_status":"closed","template":"","meta":{"footnotes":""},"class_list":["post-239","page","type-page","status-publish","hentry"],"yoast_head":"<!-- This site is optimized with the Yoast SEO Premium plugin v22.1 (Yoast SEO v22.1) - https:\/\/yoast.com\/wordpress\/plugins\/seo\/ -->\n<title>Cookies Policy - Quinta da Marmela<\/title>\n<meta name=\"robots\" content=\"index, follow, max-snippet:-1, max-image-preview:large, max-video-preview:-1\" \/>\n<link rel=\"canonical\" href=\"https:\/\/www.quintadamarmela.com\/fr\/cookies-policy\/\" \/>\n<meta property=\"og:locale\" content=\"fr_FR\" \/>\n<meta property=\"og:type\" content=\"article\" \/>\n<meta property=\"og:title\" content=\"Cookies Policy\" \/>\n<meta property=\"og:description\" content=\"Various cookies are used on the websites developed by Rafael Duque . A cookie is a small file with letters and numbers that is saved by the browser you are using on your hard drive. These cookies are used to distinguish you from other users of our websites, without storing any personally identifiable information. The [&hellip;]\" \/>\n<meta property=\"og:url\" content=\"https:\/\/www.quintadamarmela.com\/fr\/cookies-policy\/\" \/>\n<meta property=\"og:site_name\" content=\"Quinta da Marmela\" \/>\n<meta property=\"article:publisher\" content=\"https:\/\/www.facebook.com\/people\/Quinta-da-Marmela\/100078447232888\/\" \/>\n<meta property=\"article:modified_time\" content=\"2024-03-06T20:44:36+00:00\" \/>\n<meta property=\"og:image\" content=\"https:\/\/www.quintadamarmela.com\/wp-content\/uploads\/2024\/04\/og-quinta.png\" \/>\n\t<meta property=\"og:image:width\" content=\"1200\" \/>\n\t<meta property=\"og:image:height\" content=\"630\" \/>\n\t<meta property=\"og:image:type\" content=\"image\/png\" \/>\n<meta name=\"twitter:card\" content=\"summary_large_image\" \/>\n<meta name=\"twitter:label1\" content=\"Dur\u00e9e de lecture estim\u00e9e\" \/>\n\t<meta name=\"twitter:data1\" content=\"2 minutes\" \/>\n<script type=\"application\/ld+json\" class=\"yoast-schema-graph\">{\"@context\":\"https:\/\/schema.org\",\"@graph\":[{\"@type\":\"WebPage\",\"@id\":\"https:\/\/www.quintadamarmela.com\/cookies-policy\/\",\"url\":\"https:\/\/www.quintadamarmela.com\/cookies-policy\/\",\"name\":\"Cookies Policy - Quinta da Marmela\",\"isPartOf\":{\"@id\":\"https:\/\/www.quintadamarmela.com\/#website\"},\"datePublished\":\"2024-03-06T17:26:43+00:00\",\"dateModified\":\"2024-03-06T20:44:36+00:00\",\"breadcrumb\":{\"@id\":\"https:\/\/www.quintadamarmela.com\/cookies-policy\/#breadcrumb\"},\"inLanguage\":\"fr-FR\",\"potentialAction\":[{\"@type\":\"ReadAction\",\"target\":[\"https:\/\/www.quintadamarmela.com\/cookies-policy\/\"]}]},{\"@type\":\"BreadcrumbList\",\"@id\":\"https:\/\/www.quintadamarmela.com\/cookies-policy\/#breadcrumb\",\"itemListElement\":[{\"@type\":\"ListItem\",\"position\":1,\"name\":\"Home\",\"item\":\"https:\/\/www.quintadamarmela.com\/\"},{\"@type\":\"ListItem\",\"position\":2,\"name\":\"Cookies Policy\"}]},{\"@type\":\"WebSite\",\"@id\":\"https:\/\/www.quintadamarmela.com\/#website\",\"url\":\"https:\/\/www.quintadamarmela.com\/\",\"name\":\"Quinta da Marmela\",\"description\":\"Rural Accommodation\",\"publisher\":{\"@id\":\"https:\/\/www.quintadamarmela.com\/#organization\"},\"potentialAction\":[{\"@type\":\"SearchAction\",\"target\":{\"@type\":\"EntryPoint\",\"urlTemplate\":\"https:\/\/www.quintadamarmela.com\/?s={search_term_string}\"},\"query-input\":\"required name=search_term_string\"}],\"inLanguage\":\"fr-FR\"},{\"@type\":\"Organization\",\"@id\":\"https:\/\/www.quintadamarmela.com\/#organization\",\"name\":\"Quinta da Marmela\",\"url\":\"https:\/\/www.quintadamarmela.com\/\",\"logo\":{\"@type\":\"ImageObject\",\"inLanguage\":\"fr-FR\",\"@id\":\"https:\/\/www.quintadamarmela.com\/#\/schema\/logo\/image\/\",\"url\":\"https:\/\/www.quintadamarmela.com\/wp-content\/uploads\/2024\/03\/icon.png\",\"contentUrl\":\"https:\/\/www.quintadamarmela.com\/wp-content\/uploads\/2024\/03\/icon.png\",\"width\":591,\"height\":592,\"caption\":\"Quinta da Marmela\"},\"image\":{\"@id\":\"https:\/\/www.quintadamarmela.com\/#\/schema\/logo\/image\/\"},\"sameAs\":[\"https:\/\/www.facebook.com\/people\/Quinta-da-Marmela\/100078447232888\/\",\"https:\/\/www.instagram.com\/quinta_marmela\/\"],\"description\":\"Descubra a hist\u00f3ria e a qualidade de vida de Portugal.\",\"email\":\"marmela2015@gmail.com\",\"telephone\":\"+351935425713\"}]}<\/script>\n<!-- \/ Yoast SEO Premium plugin. -->","yoast_head_json":{"title":"Cookies Policy - Quinta da Marmela","robots":{"index":"index","follow":"follow","max-snippet":"max-snippet:-1","max-image-preview":"max-image-preview:large","max-video-preview":"max-video-preview:-1"},"canonical":"https:\/\/www.quintadamarmela.com\/fr\/cookies-policy\/","og_locale":"fr_FR","og_type":"article","og_title":"Cookies Policy","og_description":"Various cookies are used on the websites developed by Rafael Duque . A cookie is a small file with letters and numbers that is saved by the browser you are using on your hard drive. These cookies are used to distinguish you from other users of our websites, without storing any personally identifiable information. The [&hellip;]","og_url":"https:\/\/www.quintadamarmela.com\/fr\/cookies-policy\/","og_site_name":"Quinta da Marmela","article_publisher":"https:\/\/www.facebook.com\/people\/Quinta-da-Marmela\/100078447232888\/","article_modified_time":"2024-03-06T20:44:36+00:00","og_image":[{"width":1200,"height":630,"url":"https:\/\/www.quintadamarmela.com\/wp-content\/uploads\/2024\/04\/og-quinta.png","type":"image\/png"}],"twitter_card":"summary_large_image","twitter_misc":{"Dur\u00e9e de lecture estim\u00e9e":"2 minutes"},"schema":{"@context":"https:\/\/schema.org","@graph":[{"@type":"WebPage","@id":"https:\/\/www.quintadamarmela.com\/cookies-policy\/","url":"https:\/\/www.quintadamarmela.com\/cookies-policy\/","name":"Cookies Policy - Quinta da Marmela","isPartOf":{"@id":"https:\/\/www.quintadamarmela.com\/#website"},"datePublished":"2024-03-06T17:26:43+00:00","dateModified":"2024-03-06T20:44:36+00:00","breadcrumb":{"@id":"https:\/\/www.quintadamarmela.com\/cookies-policy\/#breadcrumb"},"inLanguage":"fr-FR","potentialAction":[{"@type":"ReadAction","target":["https:\/\/www.quintadamarmela.com\/cookies-policy\/"]}]},{"@type":"BreadcrumbList","@id":"https:\/\/www.quintadamarmela.com\/cookies-policy\/#breadcrumb","itemListElement":[{"@type":"ListItem","position":1,"name":"Home","item":"https:\/\/www.quintadamarmela.com\/"},{"@type":"ListItem","position":2,"name":"Cookies Policy"}]},{"@type":"WebSite","@id":"https:\/\/www.quintadamarmela.com\/#website","url":"https:\/\/www.quintadamarmela.com\/","name":"Quinta da Marmela","description":"Rural Accommodation","publisher":{"@id":"https:\/\/www.quintadamarmela.com\/#organization"},"potentialAction":[{"@type":"SearchAction","target":{"@type":"EntryPoint","urlTemplate":"https:\/\/www.quintadamarmela.com\/?s={search_term_string}"},"query-input":"required name=search_term_string"}],"inLanguage":"fr-FR"},{"@type":"Organization","@id":"https:\/\/www.quintadamarmela.com\/#organization","name":"Quinta da Marmela","url":"https:\/\/www.quintadamarmela.com\/","logo":{"@type":"ImageObject","inLanguage":"fr-FR","@id":"https:\/\/www.quintadamarmela.com\/#\/schema\/logo\/image\/","url":"https:\/\/www.quintadamarmela.com\/wp-content\/uploads\/2024\/03\/icon.png","contentUrl":"https:\/\/www.quintadamarmela.com\/wp-content\/uploads\/2024\/03\/icon.png","width":591,"height":592,"caption":"Quinta da Marmela"},"image":{"@id":"https:\/\/www.quintadamarmela.com\/#\/schema\/logo\/image\/"},"sameAs":["https:\/\/www.facebook.com\/people\/Quinta-da-Marmela\/100078447232888\/","https:\/\/www.instagram.com\/quinta_marmela\/"],"description":"Descubra a hist\u00f3ria e a qualidade de vida de Portugal.","email":"marmela2015@gmail.com","telephone":"+351935425713"}]}},"_links":{"self":[{"href":"https:\/\/www.quintadamarmela.com\/fr\/wp-json\/wp\/v2\/pages\/239","targetHints":{"allow":["GET"]}}],"collection":[{"href":"https:\/\/www.quintadamarmela.com\/fr\/wp-json\/wp\/v2\/pages"}],"about":[{"href":"https:\/\/www.quintadamarmela.com\/fr\/wp-json\/wp\/v2\/types\/page"}],"author":[{"embeddable":true,"href":"https:\/\/www.quintadamarmela.com\/fr\/wp-json\/wp\/v2\/users\/1"}],"replies":[{"embeddable":true,"href":"https:\/\/www.quintadamarmela.com\/fr\/wp-json\/wp\/v2\/comments?post=239"}],"version-history":[{"count":8,"href":"https:\/\/www.quintadamarmela.com\/fr\/wp-json\/wp\/v2\/pages\/239\/revisions"}],"predecessor-version":[{"id":290,"href":"https:\/\/www.quintadamarmela.com\/fr\/wp-json\/wp\/v2\/pages\/239\/revisions\/290"}],"wp:attachment":[{"href":"https:\/\/www.quintadamarmela.com\/fr\/wp-json\/wp\/v2\/media?parent=239"}],"curies":[{"name":"wp","href":"https:\/\/api.w.org\/{rel}","templated":true}]}}