{"id":38,"date":"2024-03-06T11:25:20","date_gmt":"2024-03-06T11:25:20","guid":{"rendered":"https:\/\/www.quintadamarmela.com\/novo\/?page_id=38"},"modified":"2024-03-27T18:53:52","modified_gmt":"2024-03-27T18:53:52","slug":"our-identity","status":"publish","type":"page","link":"https:\/\/www.quintadamarmela.com\/fr\/our-identity\/","title":{"rendered":"Notre Identit\u00e9"},"content":{"rendered":"<div data-elementor-type=\"wp-page\" data-elementor-id=\"38\" class=\"elementor elementor-38\" data-elementor-post-type=\"page\">\n\t\t\t\t<div class=\"elementor-element elementor-element-309e82b e-flex e-con-boxed e-con e-parent\" data-id=\"309e82b\" data-element_type=\"container\" data-settings=\"{&quot;background_background&quot;:&quot;classic&quot;}\" data-core-v316-plus=\"true\">\n\t\t\t\t\t<div class=\"e-con-inner\">\n\t\t\t\t<div class=\"elementor-element elementor-element-d136582 elementor-widget elementor-widget-heading\" data-id=\"d136582\" data-element_type=\"widget\" data-widget_type=\"heading.default\">\n\t\t\t\t<div class=\"elementor-widget-container\">\n\t\t\t<style>\/*! elementor - v3.20.0 - 26-03-2024 *\/\n.elementor-heading-title{padding:0;margin:0;line-height:1}.elementor-widget-heading .elementor-heading-title[class*=elementor-size-]>a{color:inherit;font-size:inherit;line-height:inherit}.elementor-widget-heading .elementor-heading-title.elementor-size-small{font-size:15px}.elementor-widget-heading .elementor-heading-title.elementor-size-medium{font-size:19px}.elementor-widget-heading .elementor-heading-title.elementor-size-large{font-size:29px}.elementor-widget-heading .elementor-heading-title.elementor-size-xl{font-size:39px}.elementor-widget-heading .elementor-heading-title.elementor-size-xxl{font-size:59px}<\/style><h1 class=\"elementor-heading-title elementor-size-default\">Notre Identit\u00e9<\/h1>\t\t<\/div>\n\t\t\t\t<\/div>\n\t\t\t\t<div class=\"elementor-element elementor-element-2f291df elementor-widget elementor-widget-text-editor\" data-id=\"2f291df\" data-element_type=\"widget\" data-widget_type=\"text-editor.default\">\n\t\t\t\t<div class=\"elementor-widget-container\">\n\t\t\t<style>\/*! elementor - v3.20.0 - 26-03-2024 *\/\n.elementor-widget-text-editor.elementor-drop-cap-view-stacked .elementor-drop-cap{background-color:#69727d;color:#fff}.elementor-widget-text-editor.elementor-drop-cap-view-framed .elementor-drop-cap{color:#69727d;border:3px solid;background-color:transparent}.elementor-widget-text-editor:not(.elementor-drop-cap-view-default) .elementor-drop-cap{margin-top:8px}.elementor-widget-text-editor:not(.elementor-drop-cap-view-default) .elementor-drop-cap-letter{width:1em;height:1em}.elementor-widget-text-editor .elementor-drop-cap{float:left;text-align:center;line-height:1;font-size:50px}.elementor-widget-text-editor .elementor-drop-cap-letter{display:inline-block}<\/style>\t\t\t\t<span style=\"color: #ffffff;\">D\u00e9couvrez le charme de notre Quinta du XIXe si\u00e8cle, un havre de paix et de durabilit\u00e9. D\u00e9tendez-vous au milieu des oliviers et des figuiers, profitez du jardin, des multiples terrasses et de la piscine surplombant la colline. Faites l'exp\u00e9rience d\u2019un confort respectueux de l'environnement.<\/span>\t\t\t\t\t\t<\/div>\n\t\t\t\t<\/div>\n\t\t\t\t\t<\/div>\n\t\t\t\t<\/div>\n\t\t<div class=\"elementor-element elementor-element-ebde71c e-flex e-con-boxed e-con e-parent\" data-id=\"ebde71c\" data-element_type=\"container\" data-core-v316-plus=\"true\">\n\t\t\t\t\t<div class=\"e-con-inner\">\n\t\t<div class=\"elementor-element elementor-element-7955f24 e-con-full e-flex e-con e-child\" data-id=\"7955f24\" data-element_type=\"container\">\n\t\t\t\t<div class=\"elementor-element elementor-element-a36efbf elementor-widget elementor-widget-text-editor\" data-id=\"a36efbf\" data-element_type=\"widget\" data-widget_type=\"text-editor.default\">\n\t\t\t\t<div class=\"elementor-widget-container\">\n\t\t\t\t\t\t\t<p>Dans une Quinta du XIXe si\u00e8cle restaur\u00e9e dans le respect de la tradition portugaise, vous trouverez un h\u00e2vre de tranquillit\u00e9 o\u00f9 r\u00e8gne la beaut\u00e9 et l\u2019\u00e9l\u00e9gance.<\/p><p>D\u00e9couvrez la Quinta  \u00e0 travers l'une de nos formules:<\/p><ul><li>Profitez de l'h\u00e9bergement et des diverses activit\u00e9s aux alentours \u00e0 votre propre rythme;<\/li><li>C\u00e9l\u00e9brez un \u00e9v\u00e9nement ou organisez votre retraite et profitez des avantages de notre h\u00e9bergement et autres installations;<\/li><li>Choisissez la formule tranquillit\u00e9 d'esprit pour d\u00e9couvrir la c\u00e9l\u00e8bre foire \u00e9questre de Goleg\u00e3 \u00e0 cheval ou le patrimoine culturel des environs.<\/li><\/ul>\t\t\t\t\t\t<\/div>\n\t\t\t\t<\/div>\n\t\t\t\t<div class=\"elementor-element elementor-element-d4ef092 elementor-widget elementor-widget-button\" data-id=\"d4ef092\" data-element_type=\"widget\" data-widget_type=\"button.default\">\n\t\t\t\t<div class=\"elementor-widget-container\">\n\t\t\t\t\t<div class=\"elementor-button-wrapper\">\n\t\t\t<a class=\"elementor-button elementor-button-link elementor-size-sm\" href=\"https:\/\/www.quintadamarmela.com\/fr\/novo\/gallery\/\">\n\t\t\t\t\t\t<span class=\"elementor-button-content-wrapper\">\n\t\t\t\t\t\t<span class=\"elementor-button-text\">Voir notre Quinta<\/span>\n\t\t<\/span>\n\t\t\t\t\t<\/a>\n\t\t<\/div>\n\t\t\t\t<\/div>\n\t\t\t\t<\/div>\n\t\t\t\t<\/div>\n\t\t<div class=\"elementor-element elementor-element-7a0b250 e-con-full e-flex e-con e-child\" data-id=\"7a0b250\" data-element_type=\"container\">\n\t\t\t\t<div class=\"elementor-element elementor-element-0099c1f elementor--h-position-center elementor--v-position-middle elementor-arrows-position-inside elementor-pagination-position-inside elementor-widget elementor-widget-slides\" data-id=\"0099c1f\" data-element_type=\"widget\" data-settings=\"{&quot;navigation&quot;:&quot;both&quot;,&quot;autoplay&quot;:&quot;yes&quot;,&quot;pause_on_hover&quot;:&quot;yes&quot;,&quot;pause_on_interaction&quot;:&quot;yes&quot;,&quot;autoplay_speed&quot;:5000,&quot;infinite&quot;:&quot;yes&quot;,&quot;transition&quot;:&quot;slide&quot;,&quot;transition_speed&quot;:500}\" data-widget_type=\"slides.default\">\n\t\t\t\t<div class=\"elementor-widget-container\">\n\t\t\t<style>\/*! elementor-pro - v3.20.0 - 26-03-2024 *\/\n.elementor-slides .swiper-slide-bg{background-size:cover;background-position:50%;background-repeat:no-repeat;min-width:100%;min-height:100%}.elementor-slides .swiper-slide-inner{background-repeat:no-repeat;background-position:50%;position:absolute;top:0;left:0;bottom:0;right:0;padding:50px;margin:auto}.elementor-slides .swiper-slide-inner,.elementor-slides .swiper-slide-inner:hover{color:#fff;display:flex}.elementor-slides .swiper-slide-inner .elementor-background-overlay{position:absolute;z-index:0;top:0;bottom:0;left:0;right:0}.elementor-slides .swiper-slide-inner .elementor-slide-content{position:relative;z-index:1;width:100%}.elementor-slides .swiper-slide-inner .elementor-slide-heading{font-size:35px;font-weight:700;line-height:1}.elementor-slides .swiper-slide-inner .elementor-slide-description{font-size:17px;line-height:1.4}.elementor-slides .swiper-slide-inner .elementor-slide-description:not(:last-child),.elementor-slides .swiper-slide-inner .elementor-slide-heading:not(:last-child){margin-bottom:30px}.elementor-slides .swiper-slide-inner .elementor-slide-button{border:2px solid #fff;color:#fff;background:transparent;display:inline-block}.elementor-slides .swiper-slide-inner .elementor-slide-button,.elementor-slides .swiper-slide-inner .elementor-slide-button:hover{background:transparent;color:inherit;text-decoration:none}.elementor--v-position-top .swiper-slide-inner{align-items:flex-start}.elementor--v-position-bottom .swiper-slide-inner{align-items:flex-end}.elementor--v-position-middle .swiper-slide-inner{align-items:center}.elementor--h-position-left .swiper-slide-inner{justify-content:flex-start}.elementor--h-position-right .swiper-slide-inner{justify-content:flex-end}.elementor--h-position-center .swiper-slide-inner{justify-content:center}body.rtl .elementor-widget-slides .elementor-swiper-button-next{left:10px;right:auto}body.rtl .elementor-widget-slides .elementor-swiper-button-prev{right:10px;left:auto}.elementor-slides-wrapper div:not(.swiper-slide)>.swiper-slide-inner{display:none}@media (max-width:767px){.elementor-slides .swiper-slide-inner{padding:30px}.elementor-slides .swiper-slide-inner .elementor-slide-heading{font-size:23px;line-height:1;margin-bottom:15px}.elementor-slides .swiper-slide-inner .elementor-slide-description{font-size:13px;line-height:1.4;margin-bottom:15px}}<\/style>\t\t<div class=\"elementor-swiper\">\n\t\t\t<div class=\"elementor-slides-wrapper elementor-main-swiper swiper\" dir=\"ltr\" data-animation=\"fadeInUp\">\n\t\t\t\t<div class=\"swiper-wrapper elementor-slides\">\n\t\t\t\t\t\t\t\t\t\t<div class=\"elementor-repeater-item-e618dd7 swiper-slide\"><div class=\"swiper-slide-bg\" role=\"img\"><\/div><div class=\"swiper-slide-inner\" ><div class=\"swiper-slide-contents\"><\/div><\/div><\/div><div class=\"elementor-repeater-item-7ded655 swiper-slide\"><div class=\"swiper-slide-bg\" role=\"img\"><\/div><div class=\"swiper-slide-inner\" ><div class=\"swiper-slide-contents\"><\/div><\/div><\/div><div class=\"elementor-repeater-item-2e9cbe0 swiper-slide\"><div class=\"swiper-slide-bg\" role=\"img\"><\/div><div class=\"swiper-slide-inner\" ><div class=\"swiper-slide-contents\"><\/div><\/div><\/div>\t\t\t\t<\/div>\n\t\t\t\t\t\t\t\t\t\t\t\t\t\t\t<div class=\"swiper-pagination\"><\/div>\n\t\t\t\t\t\t\t\t\t\t\t\t\t\t\t\t<div class=\"elementor-swiper-button elementor-swiper-button-prev\" role=\"button\" tabindex=\"0\">\n\t\t\t\t\t\t\t<svg aria-hidden=\"true\" class=\"e-font-icon-svg e-eicon-chevron-left\" viewbox=\"0 0 1000 1000\" xmlns=\"http:\/\/www.w3.org\/2000\/svg\"><path d=\"M646 125C629 125 613 133 604 142L308 442C296 454 292 471 292 487 292 504 296 521 308 533L604 854C617 867 629 875 646 875 663 875 679 871 692 858 704 846 713 829 713 812 713 796 708 779 692 767L438 487 692 225C700 217 708 204 708 187 708 171 704 154 692 142 675 129 663 125 646 125Z\"><\/path><\/svg>\t\t\t\t\t\t\t<span class=\"elementor-screen-only\">Diapositive pr\u00e9c\u00e9dente<\/span>\n\t\t\t\t\t\t<\/div>\n\t\t\t\t\t\t<div class=\"elementor-swiper-button elementor-swiper-button-next\" role=\"button\" tabindex=\"0\">\n\t\t\t\t\t\t\t<svg aria-hidden=\"true\" class=\"e-font-icon-svg e-eicon-chevron-right\" viewbox=\"0 0 1000 1000\" xmlns=\"http:\/\/www.w3.org\/2000\/svg\"><path d=\"M696 533C708 521 713 504 713 487 713 471 708 454 696 446L400 146C388 133 375 125 354 125 338 125 325 129 313 142 300 154 292 171 292 187 292 204 296 221 308 233L563 492 304 771C292 783 288 800 288 817 288 833 296 850 308 863 321 871 338 875 354 875 371 875 388 867 400 854L696 533Z\"><\/path><\/svg>\t\t\t\t\t\t\t<span class=\"elementor-screen-only\">Diapositive suivante<\/span>\n\t\t\t\t\t\t<\/div>\n\t\t\t\t\t\t\t\t\t\t\t\t<\/div>\n\t\t<\/div>\n\t\t\t\t<\/div>\n\t\t\t\t<\/div>\n\t\t\t\t<\/div>\n\t\t\t\t\t<\/div>\n\t\t\t\t<\/div>\n\t\t\t\t<\/div>","protected":false},"excerpt":{"rendered":"<p>Discover the charm of our 19th-century Quinta\u2014a haven of peace and sustainability. Relax amidst olive and fig trees, enjoy our garden, terrace, and pool. Experience an eco-friendly lodging. In a renovated Quinta from the 19th century with a strong Portuguese identity, you will find a peaceful retreat made of beauty and elegance. Experience the Quinta [&hellip;]<\/p>","protected":false},"author":1,"featured_media":0,"parent":0,"menu_order":0,"comment_status":"closed","ping_status":"closed","template":"","meta":{"footnotes":""},"class_list":["post-38","page","type-page","status-publish","hentry"],"yoast_head":"<!-- This site is optimized with the Yoast SEO Premium plugin v22.1 (Yoast SEO v22.1) - https:\/\/yoast.com\/wordpress\/plugins\/seo\/ -->\n<title>Our Identity - Quinta da Marmela<\/title>\n<meta name=\"robots\" content=\"index, follow, max-snippet:-1, max-image-preview:large, max-video-preview:-1\" \/>\n<link rel=\"canonical\" href=\"https:\/\/www.quintadamarmela.com\/fr\/our-identity\/\" \/>\n<meta property=\"og:locale\" content=\"fr_FR\" \/>\n<meta property=\"og:type\" content=\"article\" \/>\n<meta property=\"og:title\" content=\"Our Identity\" \/>\n<meta property=\"og:description\" content=\"Discover the charm of our 19th-century Quinta\u2014a haven of peace and sustainability. Relax amidst olive and fig trees, enjoy our garden, terrace, and pool. Experience an eco-friendly lodging. In a renovated Quinta from the 19th century with a strong Portuguese identity, you will find a peaceful retreat made of beauty and elegance. Experience the Quinta [&hellip;]\" \/>\n<meta property=\"og:url\" content=\"https:\/\/www.quintadamarmela.com\/fr\/our-identity\/\" \/>\n<meta property=\"og:site_name\" content=\"Quinta da Marmela\" \/>\n<meta property=\"article:publisher\" content=\"https:\/\/www.facebook.com\/people\/Quinta-da-Marmela\/100078447232888\/\" \/>\n<meta property=\"article:modified_time\" content=\"2024-03-27T18:53:52+00:00\" \/>\n<meta property=\"og:image\" content=\"https:\/\/www.quintadamarmela.com\/wp-content\/uploads\/2024\/04\/og-quinta.png\" \/>\n\t<meta property=\"og:image:width\" content=\"1200\" \/>\n\t<meta property=\"og:image:height\" content=\"630\" \/>\n\t<meta property=\"og:image:type\" content=\"image\/png\" \/>\n<meta name=\"twitter:card\" content=\"summary_large_image\" \/>\n<meta name=\"twitter:label1\" content=\"Dur\u00e9e de lecture estim\u00e9e\" \/>\n\t<meta name=\"twitter:data1\" content=\"1 minute\" \/>\n<script type=\"application\/ld+json\" class=\"yoast-schema-graph\">{\"@context\":\"https:\/\/schema.org\",\"@graph\":[{\"@type\":\"WebPage\",\"@id\":\"https:\/\/www.quintadamarmela.com\/our-identity\/\",\"url\":\"https:\/\/www.quintadamarmela.com\/our-identity\/\",\"name\":\"Our Identity - Quinta da Marmela\",\"isPartOf\":{\"@id\":\"https:\/\/www.quintadamarmela.com\/#website\"},\"datePublished\":\"2024-03-06T11:25:20+00:00\",\"dateModified\":\"2024-03-27T18:53:52+00:00\",\"breadcrumb\":{\"@id\":\"https:\/\/www.quintadamarmela.com\/our-identity\/#breadcrumb\"},\"inLanguage\":\"fr-FR\",\"potentialAction\":[{\"@type\":\"ReadAction\",\"target\":[\"https:\/\/www.quintadamarmela.com\/our-identity\/\"]}]},{\"@type\":\"BreadcrumbList\",\"@id\":\"https:\/\/www.quintadamarmela.com\/our-identity\/#breadcrumb\",\"itemListElement\":[{\"@type\":\"ListItem\",\"position\":1,\"name\":\"Home\",\"item\":\"https:\/\/www.quintadamarmela.com\/\"},{\"@type\":\"ListItem\",\"position\":2,\"name\":\"Our Identity\"}]},{\"@type\":\"WebSite\",\"@id\":\"https:\/\/www.quintadamarmela.com\/#website\",\"url\":\"https:\/\/www.quintadamarmela.com\/\",\"name\":\"Quinta da Marmela\",\"description\":\"Rural Accommodation\",\"publisher\":{\"@id\":\"https:\/\/www.quintadamarmela.com\/#organization\"},\"potentialAction\":[{\"@type\":\"SearchAction\",\"target\":{\"@type\":\"EntryPoint\",\"urlTemplate\":\"https:\/\/www.quintadamarmela.com\/?s={search_term_string}\"},\"query-input\":\"required name=search_term_string\"}],\"inLanguage\":\"fr-FR\"},{\"@type\":\"Organization\",\"@id\":\"https:\/\/www.quintadamarmela.com\/#organization\",\"name\":\"Quinta da Marmela\",\"url\":\"https:\/\/www.quintadamarmela.com\/\",\"logo\":{\"@type\":\"ImageObject\",\"inLanguage\":\"fr-FR\",\"@id\":\"https:\/\/www.quintadamarmela.com\/#\/schema\/logo\/image\/\",\"url\":\"https:\/\/www.quintadamarmela.com\/wp-content\/uploads\/2024\/03\/icon.png\",\"contentUrl\":\"https:\/\/www.quintadamarmela.com\/wp-content\/uploads\/2024\/03\/icon.png\",\"width\":591,\"height\":592,\"caption\":\"Quinta da Marmela\"},\"image\":{\"@id\":\"https:\/\/www.quintadamarmela.com\/#\/schema\/logo\/image\/\"},\"sameAs\":[\"https:\/\/www.facebook.com\/people\/Quinta-da-Marmela\/100078447232888\/\",\"https:\/\/www.instagram.com\/quinta_marmela\/\"],\"description\":\"Descubra a hist\u00f3ria e a qualidade de vida de Portugal.\",\"email\":\"marmela2015@gmail.com\",\"telephone\":\"+351935425713\"}]}<\/script>\n<!-- \/ Yoast SEO Premium plugin. -->","yoast_head_json":{"title":"Our Identity - Quinta da Marmela","robots":{"index":"index","follow":"follow","max-snippet":"max-snippet:-1","max-image-preview":"max-image-preview:large","max-video-preview":"max-video-preview:-1"},"canonical":"https:\/\/www.quintadamarmela.com\/fr\/our-identity\/","og_locale":"fr_FR","og_type":"article","og_title":"Our Identity","og_description":"Discover the charm of our 19th-century Quinta\u2014a haven of peace and sustainability. Relax amidst olive and fig trees, enjoy our garden, terrace, and pool. Experience an eco-friendly lodging. In a renovated Quinta from the 19th century with a strong Portuguese identity, you will find a peaceful retreat made of beauty and elegance. Experience the Quinta [&hellip;]","og_url":"https:\/\/www.quintadamarmela.com\/fr\/our-identity\/","og_site_name":"Quinta da Marmela","article_publisher":"https:\/\/www.facebook.com\/people\/Quinta-da-Marmela\/100078447232888\/","article_modified_time":"2024-03-27T18:53:52+00:00","og_image":[{"width":1200,"height":630,"url":"https:\/\/www.quintadamarmela.com\/wp-content\/uploads\/2024\/04\/og-quinta.png","type":"image\/png"}],"twitter_card":"summary_large_image","twitter_misc":{"Dur\u00e9e de lecture estim\u00e9e":"1 minute"},"schema":{"@context":"https:\/\/schema.org","@graph":[{"@type":"WebPage","@id":"https:\/\/www.quintadamarmela.com\/our-identity\/","url":"https:\/\/www.quintadamarmela.com\/our-identity\/","name":"Our Identity - Quinta da Marmela","isPartOf":{"@id":"https:\/\/www.quintadamarmela.com\/#website"},"datePublished":"2024-03-06T11:25:20+00:00","dateModified":"2024-03-27T18:53:52+00:00","breadcrumb":{"@id":"https:\/\/www.quintadamarmela.com\/our-identity\/#breadcrumb"},"inLanguage":"fr-FR","potentialAction":[{"@type":"ReadAction","target":["https:\/\/www.quintadamarmela.com\/our-identity\/"]}]},{"@type":"BreadcrumbList","@id":"https:\/\/www.quintadamarmela.com\/our-identity\/#breadcrumb","itemListElement":[{"@type":"ListItem","position":1,"name":"Home","item":"https:\/\/www.quintadamarmela.com\/"},{"@type":"ListItem","position":2,"name":"Our Identity"}]},{"@type":"WebSite","@id":"https:\/\/www.quintadamarmela.com\/#website","url":"https:\/\/www.quintadamarmela.com\/","name":"Quinta da Marmela","description":"Rural Accommodation","publisher":{"@id":"https:\/\/www.quintadamarmela.com\/#organization"},"potentialAction":[{"@type":"SearchAction","target":{"@type":"EntryPoint","urlTemplate":"https:\/\/www.quintadamarmela.com\/?s={search_term_string}"},"query-input":"required name=search_term_string"}],"inLanguage":"fr-FR"},{"@type":"Organization","@id":"https:\/\/www.quintadamarmela.com\/#organization","name":"Quinta da Marmela","url":"https:\/\/www.quintadamarmela.com\/","logo":{"@type":"ImageObject","inLanguage":"fr-FR","@id":"https:\/\/www.quintadamarmela.com\/#\/schema\/logo\/image\/","url":"https:\/\/www.quintadamarmela.com\/wp-content\/uploads\/2024\/03\/icon.png","contentUrl":"https:\/\/www.quintadamarmela.com\/wp-content\/uploads\/2024\/03\/icon.png","width":591,"height":592,"caption":"Quinta da Marmela"},"image":{"@id":"https:\/\/www.quintadamarmela.com\/#\/schema\/logo\/image\/"},"sameAs":["https:\/\/www.facebook.com\/people\/Quinta-da-Marmela\/100078447232888\/","https:\/\/www.instagram.com\/quinta_marmela\/"],"description":"Descubra a hist\u00f3ria e a qualidade de vida de Portugal.","email":"marmela2015@gmail.com","telephone":"+351935425713"}]}},"_links":{"self":[{"href":"https:\/\/www.quintadamarmela.com\/fr\/wp-json\/wp\/v2\/pages\/38","targetHints":{"allow":["GET"]}}],"collection":[{"href":"https:\/\/www.quintadamarmela.com\/fr\/wp-json\/wp\/v2\/pages"}],"about":[{"href":"https:\/\/www.quintadamarmela.com\/fr\/wp-json\/wp\/v2\/types\/page"}],"author":[{"embeddable":true,"href":"https:\/\/www.quintadamarmela.com\/fr\/wp-json\/wp\/v2\/users\/1"}],"replies":[{"embeddable":true,"href":"https:\/\/www.quintadamarmela.com\/fr\/wp-json\/wp\/v2\/comments?post=38"}],"version-history":[{"count":40,"href":"https:\/\/www.quintadamarmela.com\/fr\/wp-json\/wp\/v2\/pages\/38\/revisions"}],"predecessor-version":[{"id":668,"href":"https:\/\/www.quintadamarmela.com\/fr\/wp-json\/wp\/v2\/pages\/38\/revisions\/668"}],"wp:attachment":[{"href":"https:\/\/www.quintadamarmela.com\/fr\/wp-json\/wp\/v2\/media?parent=38"}],"curies":[{"name":"wp","href":"https:\/\/api.w.org\/{rel}","templated":true}]}}