{"id":53,"date":"2024-03-06T11:26:50","date_gmt":"2024-03-06T11:26:50","guid":{"rendered":"https:\/\/www.quintadamarmela.com\/novo\/?page_id=53"},"modified":"2024-03-27T20:28:04","modified_gmt":"2024-03-27T20:28:04","slug":"cultural-walks","status":"publish","type":"page","link":"https:\/\/www.quintadamarmela.com\/fr\/cultural-walks\/","title":{"rendered":"Vacances culturelles"},"content":{"rendered":"<div data-elementor-type=\"wp-page\" data-elementor-id=\"53\" class=\"elementor elementor-53\" data-elementor-post-type=\"page\">\n\t\t\t\t<div class=\"elementor-element elementor-element-d70e843 e-flex e-con-boxed e-con e-parent\" data-id=\"d70e843\" data-element_type=\"container\" data-settings=\"{&quot;background_background&quot;:&quot;classic&quot;}\" data-core-v316-plus=\"true\">\n\t\t\t\t\t<div class=\"e-con-inner\">\n\t\t\t\t<div class=\"elementor-element elementor-element-0a7d9a4 elementor-widget elementor-widget-heading\" data-id=\"0a7d9a4\" data-element_type=\"widget\" data-widget_type=\"heading.default\">\n\t\t\t\t<div class=\"elementor-widget-container\">\n\t\t\t<style>\/*! elementor - v3.20.0 - 26-03-2024 *\/\n.elementor-heading-title{padding:0;margin:0;line-height:1}.elementor-widget-heading .elementor-heading-title[class*=elementor-size-]>a{color:inherit;font-size:inherit;line-height:inherit}.elementor-widget-heading .elementor-heading-title.elementor-size-small{font-size:15px}.elementor-widget-heading .elementor-heading-title.elementor-size-medium{font-size:19px}.elementor-widget-heading .elementor-heading-title.elementor-size-large{font-size:29px}.elementor-widget-heading .elementor-heading-title.elementor-size-xl{font-size:39px}.elementor-widget-heading .elementor-heading-title.elementor-size-xxl{font-size:59px}<\/style><h1 class=\"elementor-heading-title elementor-size-default\">Vacances culturelles<\/h1>\t\t<\/div>\n\t\t\t\t<\/div>\n\t\t\t\t<div class=\"elementor-element elementor-element-eeff377 elementor-widget elementor-widget-text-editor\" data-id=\"eeff377\" data-element_type=\"widget\" data-widget_type=\"text-editor.default\">\n\t\t\t\t<div class=\"elementor-widget-container\">\n\t\t\t<style>\/*! elementor - v3.20.0 - 26-03-2024 *\/\n.elementor-widget-text-editor.elementor-drop-cap-view-stacked .elementor-drop-cap{background-color:#69727d;color:#fff}.elementor-widget-text-editor.elementor-drop-cap-view-framed .elementor-drop-cap{color:#69727d;border:3px solid;background-color:transparent}.elementor-widget-text-editor:not(.elementor-drop-cap-view-default) .elementor-drop-cap{margin-top:8px}.elementor-widget-text-editor:not(.elementor-drop-cap-view-default) .elementor-drop-cap-letter{width:1em;height:1em}.elementor-widget-text-editor .elementor-drop-cap{float:left;text-align:center;line-height:1;font-size:50px}.elementor-widget-text-editor .elementor-drop-cap-letter{display:inline-block}<\/style>\t\t\t\t<p style=\"text-align: center;\"><span style=\"color: #ffffff;\">Parcourez l'histoire pour un voyage dans le temps dans un rayon de moins de 100 km. Des empreintes de dinosaures aux forteresses m\u00e9di\u00e9vales en passant par les visites surprenantes du XIXe si\u00e8cle, explorez l'extraordinaire patrimoine du Portugal (*) tout en profitant de moments de d\u00e9tentes \u00e0 la Quinta, entour\u00e9e de collines couvertes de figuiers et d\u2019oliviers. Constituez un groupe d'au moins 6 personnes et demandez votre programme tout compris pour voyager en toute s\u00e9r\u00e9nit\u00e9.<\/span><\/p>\n<p style=\"text-align: center;\"><span style=\"color: #ffffff;\">(*) 3 sites inscrit au patrimoine mondial de l\u2019UNESCO<\/span><\/p>\t\t\t\t\t\t<\/div>\n\t\t\t\t<\/div>\n\t\t\t\t\t<\/div>\n\t\t\t\t<\/div>\n\t\t<div class=\"elementor-element elementor-element-67ba972 e-flex e-con-boxed e-con e-parent\" data-id=\"67ba972\" data-element_type=\"container\" data-core-v316-plus=\"true\">\n\t\t\t\t\t<div class=\"e-con-inner\">\n\t\t<div class=\"elementor-element elementor-element-26d0722 e-con-full e-flex e-con e-child\" data-id=\"26d0722\" data-element_type=\"container\">\n\t\t\t\t<div class=\"elementor-element elementor-element-315f2d9 elementor-widget elementor-widget-text-editor\" data-id=\"315f2d9\" data-element_type=\"widget\" data-widget_type=\"text-editor.default\">\n\t\t\t\t<div class=\"elementor-widget-container\">\n\t\t\t\t\t\t\t<p>En une semaine \u00e0 la Quinta, nous traverserons une histoire mill\u00e9naire dans un rayon de 60 km en commen\u00e7ant par le Jurassique avec des empreintes de dinosaures, suivi par l'\u00e9poque romaine avec la visite de catacombes et d'une villa romaine.<\/p><p>Nous arrivons ensuite au Moyen \u00c2ge avec les forteresses et cath\u00e9drales de Tomar, Batalha et Alcoba\u00e7a, en passant par la cit\u00e9 des reines, Obidos.<\/p><p>Nous pourrons ensuite faire un saut dans le temps et observer le c\u00e9l\u00e8bre spot de surf de Nazar\u00e9. Nous terminerons notre \u00e9pop\u00e9e par une visite plus contemporaine de la petite ville de Goleg\u00e3.<\/p><p>Entre deux explorations, nous nous poserons au bord de la piscine, dans les jardins et sur les terrasses de la Quinta. Bien s\u00fbr, la gastronomie portugaise nous accompagnera tout au long de ce voyage, avec notamment une d\u00e9gustation de vins \u00e9tonnants provenant de diff\u00e9rentes r\u00e9gions du Portugal dans le cellier de la Quinta.<\/p>\t\t\t\t\t\t<\/div>\n\t\t\t\t<\/div>\n\t\t\t\t<\/div>\n\t\t<div class=\"elementor-element elementor-element-79ac558 e-con-full e-flex e-con e-child\" data-id=\"79ac558\" data-element_type=\"container\">\n\t\t\t\t<div class=\"elementor-element elementor-element-8df05eb elementor--h-position-center elementor--v-position-middle elementor-arrows-position-inside elementor-pagination-position-inside elementor-widget elementor-widget-slides\" data-id=\"8df05eb\" data-element_type=\"widget\" data-settings=\"{&quot;navigation&quot;:&quot;both&quot;,&quot;autoplay&quot;:&quot;yes&quot;,&quot;pause_on_hover&quot;:&quot;yes&quot;,&quot;pause_on_interaction&quot;:&quot;yes&quot;,&quot;autoplay_speed&quot;:5000,&quot;infinite&quot;:&quot;yes&quot;,&quot;transition&quot;:&quot;slide&quot;,&quot;transition_speed&quot;:500}\" data-widget_type=\"slides.default\">\n\t\t\t\t<div class=\"elementor-widget-container\">\n\t\t\t<style>\/*! elementor-pro - v3.20.0 - 26-03-2024 *\/\n.elementor-slides .swiper-slide-bg{background-size:cover;background-position:50%;background-repeat:no-repeat;min-width:100%;min-height:100%}.elementor-slides .swiper-slide-inner{background-repeat:no-repeat;background-position:50%;position:absolute;top:0;left:0;bottom:0;right:0;padding:50px;margin:auto}.elementor-slides .swiper-slide-inner,.elementor-slides .swiper-slide-inner:hover{color:#fff;display:flex}.elementor-slides .swiper-slide-inner .elementor-background-overlay{position:absolute;z-index:0;top:0;bottom:0;left:0;right:0}.elementor-slides .swiper-slide-inner .elementor-slide-content{position:relative;z-index:1;width:100%}.elementor-slides .swiper-slide-inner .elementor-slide-heading{font-size:35px;font-weight:700;line-height:1}.elementor-slides .swiper-slide-inner .elementor-slide-description{font-size:17px;line-height:1.4}.elementor-slides .swiper-slide-inner .elementor-slide-description:not(:last-child),.elementor-slides .swiper-slide-inner .elementor-slide-heading:not(:last-child){margin-bottom:30px}.elementor-slides .swiper-slide-inner .elementor-slide-button{border:2px solid #fff;color:#fff;background:transparent;display:inline-block}.elementor-slides .swiper-slide-inner .elementor-slide-button,.elementor-slides .swiper-slide-inner .elementor-slide-button:hover{background:transparent;color:inherit;text-decoration:none}.elementor--v-position-top .swiper-slide-inner{align-items:flex-start}.elementor--v-position-bottom .swiper-slide-inner{align-items:flex-end}.elementor--v-position-middle .swiper-slide-inner{align-items:center}.elementor--h-position-left .swiper-slide-inner{justify-content:flex-start}.elementor--h-position-right .swiper-slide-inner{justify-content:flex-end}.elementor--h-position-center .swiper-slide-inner{justify-content:center}body.rtl .elementor-widget-slides .elementor-swiper-button-next{left:10px;right:auto}body.rtl .elementor-widget-slides .elementor-swiper-button-prev{right:10px;left:auto}.elementor-slides-wrapper div:not(.swiper-slide)>.swiper-slide-inner{display:none}@media (max-width:767px){.elementor-slides .swiper-slide-inner{padding:30px}.elementor-slides .swiper-slide-inner .elementor-slide-heading{font-size:23px;line-height:1;margin-bottom:15px}.elementor-slides .swiper-slide-inner .elementor-slide-description{font-size:13px;line-height:1.4;margin-bottom:15px}}<\/style>\t\t<div class=\"elementor-swiper\">\n\t\t\t<div class=\"elementor-slides-wrapper elementor-main-swiper swiper\" dir=\"ltr\" data-animation=\"fadeInUp\">\n\t\t\t\t<div class=\"swiper-wrapper elementor-slides\">\n\t\t\t\t\t\t\t\t\t\t<div class=\"elementor-repeater-item-e618dd7 swiper-slide\"><div class=\"swiper-slide-bg\" role=\"img\"><\/div><div class=\"swiper-slide-inner\" ><div class=\"swiper-slide-contents\"><\/div><\/div><\/div><div class=\"elementor-repeater-item-8de7255 swiper-slide\"><div class=\"swiper-slide-bg\" role=\"img\"><\/div><div class=\"swiper-slide-inner\" ><div class=\"swiper-slide-contents\"><\/div><\/div><\/div><div class=\"elementor-repeater-item-9e17af0 swiper-slide\"><div class=\"swiper-slide-bg\" role=\"img\"><\/div><div class=\"swiper-slide-inner\" ><div class=\"swiper-slide-contents\"><\/div><\/div><\/div>\t\t\t\t<\/div>\n\t\t\t\t\t\t\t\t\t\t\t\t\t\t\t<div class=\"swiper-pagination\"><\/div>\n\t\t\t\t\t\t\t\t\t\t\t\t\t\t\t\t<div class=\"elementor-swiper-button elementor-swiper-button-prev\" role=\"button\" tabindex=\"0\">\n\t\t\t\t\t\t\t<svg aria-hidden=\"true\" class=\"e-font-icon-svg e-eicon-chevron-left\" viewbox=\"0 0 1000 1000\" xmlns=\"http:\/\/www.w3.org\/2000\/svg\"><path d=\"M646 125C629 125 613 133 604 142L308 442C296 454 292 471 292 487 292 504 296 521 308 533L604 854C617 867 629 875 646 875 663 875 679 871 692 858 704 846 713 829 713 812 713 796 708 779 692 767L438 487 692 225C700 217 708 204 708 187 708 171 704 154 692 142 675 129 663 125 646 125Z\"><\/path><\/svg>\t\t\t\t\t\t\t<span class=\"elementor-screen-only\">Diapositive pr\u00e9c\u00e9dente<\/span>\n\t\t\t\t\t\t<\/div>\n\t\t\t\t\t\t<div class=\"elementor-swiper-button elementor-swiper-button-next\" role=\"button\" tabindex=\"0\">\n\t\t\t\t\t\t\t<svg aria-hidden=\"true\" class=\"e-font-icon-svg e-eicon-chevron-right\" viewbox=\"0 0 1000 1000\" xmlns=\"http:\/\/www.w3.org\/2000\/svg\"><path d=\"M696 533C708 521 713 504 713 487 713 471 708 454 696 446L400 146C388 133 375 125 354 125 338 125 325 129 313 142 300 154 292 171 292 187 292 204 296 221 308 233L563 492 304 771C292 783 288 800 288 817 288 833 296 850 308 863 321 871 338 875 354 875 371 875 388 867 400 854L696 533Z\"><\/path><\/svg>\t\t\t\t\t\t\t<span class=\"elementor-screen-only\">Diapositive suivante<\/span>\n\t\t\t\t\t\t<\/div>\n\t\t\t\t\t\t\t\t\t\t\t\t<\/div>\n\t\t<\/div>\n\t\t\t\t<\/div>\n\t\t\t\t<\/div>\n\t\t\t\t<\/div>\n\t\t\t\t\t<\/div>\n\t\t\t\t<\/div>\n\t\t\t\t<\/div>","protected":false},"excerpt":{"rendered":"<p>Step into history on a journey through time within 100 km. From dinosaur footprints to medieval fortresses and XIXth century surprises, explore Portugal\u2019s extraordinary heritage (*) and unwind at our Quinta, surrounded by olive and fig trees. Put together a group of at least 6 people and ask for your all-inclusive program so you can [&hellip;]<\/p>","protected":false},"author":1,"featured_media":0,"parent":0,"menu_order":0,"comment_status":"closed","ping_status":"closed","template":"","meta":{"footnotes":""},"class_list":["post-53","page","type-page","status-publish","hentry"],"yoast_head":"<!-- This site is optimized with the Yoast SEO Premium plugin v22.1 (Yoast SEO v22.1) - https:\/\/yoast.com\/wordpress\/plugins\/seo\/ -->\n<title>Cultural holidays - Quinta da Marmela<\/title>\n<meta name=\"robots\" content=\"index, follow, max-snippet:-1, max-image-preview:large, max-video-preview:-1\" \/>\n<link rel=\"canonical\" href=\"https:\/\/www.quintadamarmela.com\/fr\/cultural-walks\/\" \/>\n<meta property=\"og:locale\" content=\"fr_FR\" \/>\n<meta property=\"og:type\" content=\"article\" \/>\n<meta property=\"og:title\" content=\"Cultural holidays\" \/>\n<meta property=\"og:description\" content=\"Step into history on a journey through time within 100 km. From dinosaur footprints to medieval fortresses and XIXth century surprises, explore Portugal\u2019s extraordinary heritage (*) and unwind at our Quinta, surrounded by olive and fig trees. Put together a group of at least 6 people and ask for your all-inclusive program so you can [&hellip;]\" \/>\n<meta property=\"og:url\" content=\"https:\/\/www.quintadamarmela.com\/fr\/cultural-walks\/\" \/>\n<meta property=\"og:site_name\" content=\"Quinta da Marmela\" \/>\n<meta property=\"article:publisher\" content=\"https:\/\/www.facebook.com\/people\/Quinta-da-Marmela\/100078447232888\/\" \/>\n<meta property=\"article:modified_time\" content=\"2024-03-27T20:28:04+00:00\" \/>\n<meta property=\"og:image\" content=\"https:\/\/www.quintadamarmela.com\/wp-content\/uploads\/2024\/04\/og-quinta.png\" \/>\n\t<meta property=\"og:image:width\" content=\"1200\" \/>\n\t<meta property=\"og:image:height\" content=\"630\" \/>\n\t<meta property=\"og:image:type\" content=\"image\/png\" \/>\n<meta name=\"twitter:card\" content=\"summary_large_image\" \/>\n<meta name=\"twitter:label1\" content=\"Dur\u00e9e de lecture estim\u00e9e\" \/>\n\t<meta name=\"twitter:data1\" content=\"1 minute\" \/>\n<script type=\"application\/ld+json\" class=\"yoast-schema-graph\">{\"@context\":\"https:\/\/schema.org\",\"@graph\":[{\"@type\":\"WebPage\",\"@id\":\"https:\/\/www.quintadamarmela.com\/cultural-walks\/\",\"url\":\"https:\/\/www.quintadamarmela.com\/cultural-walks\/\",\"name\":\"Cultural holidays - Quinta da Marmela\",\"isPartOf\":{\"@id\":\"https:\/\/www.quintadamarmela.com\/#website\"},\"datePublished\":\"2024-03-06T11:26:50+00:00\",\"dateModified\":\"2024-03-27T20:28:04+00:00\",\"breadcrumb\":{\"@id\":\"https:\/\/www.quintadamarmela.com\/cultural-walks\/#breadcrumb\"},\"inLanguage\":\"fr-FR\",\"potentialAction\":[{\"@type\":\"ReadAction\",\"target\":[\"https:\/\/www.quintadamarmela.com\/cultural-walks\/\"]}]},{\"@type\":\"BreadcrumbList\",\"@id\":\"https:\/\/www.quintadamarmela.com\/cultural-walks\/#breadcrumb\",\"itemListElement\":[{\"@type\":\"ListItem\",\"position\":1,\"name\":\"Home\",\"item\":\"https:\/\/www.quintadamarmela.com\/\"},{\"@type\":\"ListItem\",\"position\":2,\"name\":\"Cultural holidays\"}]},{\"@type\":\"WebSite\",\"@id\":\"https:\/\/www.quintadamarmela.com\/#website\",\"url\":\"https:\/\/www.quintadamarmela.com\/\",\"name\":\"Quinta da Marmela\",\"description\":\"Rural Accommodation\",\"publisher\":{\"@id\":\"https:\/\/www.quintadamarmela.com\/#organization\"},\"potentialAction\":[{\"@type\":\"SearchAction\",\"target\":{\"@type\":\"EntryPoint\",\"urlTemplate\":\"https:\/\/www.quintadamarmela.com\/?s={search_term_string}\"},\"query-input\":\"required name=search_term_string\"}],\"inLanguage\":\"fr-FR\"},{\"@type\":\"Organization\",\"@id\":\"https:\/\/www.quintadamarmela.com\/#organization\",\"name\":\"Quinta da Marmela\",\"url\":\"https:\/\/www.quintadamarmela.com\/\",\"logo\":{\"@type\":\"ImageObject\",\"inLanguage\":\"fr-FR\",\"@id\":\"https:\/\/www.quintadamarmela.com\/#\/schema\/logo\/image\/\",\"url\":\"https:\/\/www.quintadamarmela.com\/wp-content\/uploads\/2024\/03\/icon.png\",\"contentUrl\":\"https:\/\/www.quintadamarmela.com\/wp-content\/uploads\/2024\/03\/icon.png\",\"width\":591,\"height\":592,\"caption\":\"Quinta da Marmela\"},\"image\":{\"@id\":\"https:\/\/www.quintadamarmela.com\/#\/schema\/logo\/image\/\"},\"sameAs\":[\"https:\/\/www.facebook.com\/people\/Quinta-da-Marmela\/100078447232888\/\",\"https:\/\/www.instagram.com\/quinta_marmela\/\"],\"description\":\"Descubra a hist\u00f3ria e a qualidade de vida de Portugal.\",\"email\":\"marmela2015@gmail.com\",\"telephone\":\"+351935425713\"}]}<\/script>\n<!-- \/ Yoast SEO Premium plugin. -->","yoast_head_json":{"title":"Cultural holidays - Quinta da Marmela","robots":{"index":"index","follow":"follow","max-snippet":"max-snippet:-1","max-image-preview":"max-image-preview:large","max-video-preview":"max-video-preview:-1"},"canonical":"https:\/\/www.quintadamarmela.com\/fr\/cultural-walks\/","og_locale":"fr_FR","og_type":"article","og_title":"Cultural holidays","og_description":"Step into history on a journey through time within 100 km. From dinosaur footprints to medieval fortresses and XIXth century surprises, explore Portugal\u2019s extraordinary heritage (*) and unwind at our Quinta, surrounded by olive and fig trees. Put together a group of at least 6 people and ask for your all-inclusive program so you can [&hellip;]","og_url":"https:\/\/www.quintadamarmela.com\/fr\/cultural-walks\/","og_site_name":"Quinta da Marmela","article_publisher":"https:\/\/www.facebook.com\/people\/Quinta-da-Marmela\/100078447232888\/","article_modified_time":"2024-03-27T20:28:04+00:00","og_image":[{"width":1200,"height":630,"url":"https:\/\/www.quintadamarmela.com\/wp-content\/uploads\/2024\/04\/og-quinta.png","type":"image\/png"}],"twitter_card":"summary_large_image","twitter_misc":{"Dur\u00e9e de lecture estim\u00e9e":"1 minute"},"schema":{"@context":"https:\/\/schema.org","@graph":[{"@type":"WebPage","@id":"https:\/\/www.quintadamarmela.com\/cultural-walks\/","url":"https:\/\/www.quintadamarmela.com\/cultural-walks\/","name":"Cultural holidays - Quinta da Marmela","isPartOf":{"@id":"https:\/\/www.quintadamarmela.com\/#website"},"datePublished":"2024-03-06T11:26:50+00:00","dateModified":"2024-03-27T20:28:04+00:00","breadcrumb":{"@id":"https:\/\/www.quintadamarmela.com\/cultural-walks\/#breadcrumb"},"inLanguage":"fr-FR","potentialAction":[{"@type":"ReadAction","target":["https:\/\/www.quintadamarmela.com\/cultural-walks\/"]}]},{"@type":"BreadcrumbList","@id":"https:\/\/www.quintadamarmela.com\/cultural-walks\/#breadcrumb","itemListElement":[{"@type":"ListItem","position":1,"name":"Home","item":"https:\/\/www.quintadamarmela.com\/"},{"@type":"ListItem","position":2,"name":"Cultural holidays"}]},{"@type":"WebSite","@id":"https:\/\/www.quintadamarmela.com\/#website","url":"https:\/\/www.quintadamarmela.com\/","name":"Quinta da Marmela","description":"Rural Accommodation","publisher":{"@id":"https:\/\/www.quintadamarmela.com\/#organization"},"potentialAction":[{"@type":"SearchAction","target":{"@type":"EntryPoint","urlTemplate":"https:\/\/www.quintadamarmela.com\/?s={search_term_string}"},"query-input":"required name=search_term_string"}],"inLanguage":"fr-FR"},{"@type":"Organization","@id":"https:\/\/www.quintadamarmela.com\/#organization","name":"Quinta da Marmela","url":"https:\/\/www.quintadamarmela.com\/","logo":{"@type":"ImageObject","inLanguage":"fr-FR","@id":"https:\/\/www.quintadamarmela.com\/#\/schema\/logo\/image\/","url":"https:\/\/www.quintadamarmela.com\/wp-content\/uploads\/2024\/03\/icon.png","contentUrl":"https:\/\/www.quintadamarmela.com\/wp-content\/uploads\/2024\/03\/icon.png","width":591,"height":592,"caption":"Quinta da Marmela"},"image":{"@id":"https:\/\/www.quintadamarmela.com\/#\/schema\/logo\/image\/"},"sameAs":["https:\/\/www.facebook.com\/people\/Quinta-da-Marmela\/100078447232888\/","https:\/\/www.instagram.com\/quinta_marmela\/"],"description":"Descubra a hist\u00f3ria e a qualidade de vida de Portugal.","email":"marmela2015@gmail.com","telephone":"+351935425713"}]}},"_links":{"self":[{"href":"https:\/\/www.quintadamarmela.com\/fr\/wp-json\/wp\/v2\/pages\/53","targetHints":{"allow":["GET"]}}],"collection":[{"href":"https:\/\/www.quintadamarmela.com\/fr\/wp-json\/wp\/v2\/pages"}],"about":[{"href":"https:\/\/www.quintadamarmela.com\/fr\/wp-json\/wp\/v2\/types\/page"}],"author":[{"embeddable":true,"href":"https:\/\/www.quintadamarmela.com\/fr\/wp-json\/wp\/v2\/users\/1"}],"replies":[{"embeddable":true,"href":"https:\/\/www.quintadamarmela.com\/fr\/wp-json\/wp\/v2\/comments?post=53"}],"version-history":[{"count":36,"href":"https:\/\/www.quintadamarmela.com\/fr\/wp-json\/wp\/v2\/pages\/53\/revisions"}],"predecessor-version":[{"id":711,"href":"https:\/\/www.quintadamarmela.com\/fr\/wp-json\/wp\/v2\/pages\/53\/revisions\/711"}],"wp:attachment":[{"href":"https:\/\/www.quintadamarmela.com\/fr\/wp-json\/wp\/v2\/media?parent=53"}],"curies":[{"name":"wp","href":"https:\/\/api.w.org\/{rel}","templated":true}]}}