{"id":59,"date":"2024-03-06T11:27:16","date_gmt":"2024-03-06T11:27:16","guid":{"rendered":"https:\/\/www.quintadamarmela.com\/novo\/?page_id=59"},"modified":"2024-03-30T00:54:15","modified_gmt":"2024-03-30T00:54:15","slug":"access-reservation","status":"publish","type":"page","link":"https:\/\/www.quintadamarmela.com\/fr\/access-reservation\/","title":{"rendered":"Acc\u00e8s &amp; R\u00e9servation"},"content":{"rendered":"<div data-elementor-type=\"wp-page\" data-elementor-id=\"59\" class=\"elementor elementor-59\" data-elementor-post-type=\"page\">\n\t\t\t\t<div class=\"elementor-element elementor-element-e8e0c5a e-flex e-con-boxed e-con e-parent\" data-id=\"e8e0c5a\" data-element_type=\"container\" data-settings=\"{&quot;background_background&quot;:&quot;classic&quot;}\" data-core-v316-plus=\"true\">\n\t\t\t\t\t<div class=\"e-con-inner\">\n\t\t\t\t<div class=\"elementor-element elementor-element-2f1e598 elementor-widget elementor-widget-heading\" data-id=\"2f1e598\" data-element_type=\"widget\" data-widget_type=\"heading.default\">\n\t\t\t\t<div class=\"elementor-widget-container\">\n\t\t\t<style>\/*! elementor - v3.20.0 - 26-03-2024 *\/\n.elementor-heading-title{padding:0;margin:0;line-height:1}.elementor-widget-heading .elementor-heading-title[class*=elementor-size-]>a{color:inherit;font-size:inherit;line-height:inherit}.elementor-widget-heading .elementor-heading-title.elementor-size-small{font-size:15px}.elementor-widget-heading .elementor-heading-title.elementor-size-medium{font-size:19px}.elementor-widget-heading .elementor-heading-title.elementor-size-large{font-size:29px}.elementor-widget-heading .elementor-heading-title.elementor-size-xl{font-size:39px}.elementor-widget-heading .elementor-heading-title.elementor-size-xxl{font-size:59px}<\/style><h1 class=\"elementor-heading-title elementor-size-default\">Acc\u00e8s &amp; R\u00e9servation<\/h1>\t\t<\/div>\n\t\t\t\t<\/div>\n\t\t\t\t<div class=\"elementor-element elementor-element-cada2e3 elementor-widget elementor-widget-text-editor\" data-id=\"cada2e3\" data-element_type=\"widget\" data-widget_type=\"text-editor.default\">\n\t\t\t\t<div class=\"elementor-widget-container\">\n\t\t\t<style>\/*! elementor - v3.20.0 - 26-03-2024 *\/\n.elementor-widget-text-editor.elementor-drop-cap-view-stacked .elementor-drop-cap{background-color:#69727d;color:#fff}.elementor-widget-text-editor.elementor-drop-cap-view-framed .elementor-drop-cap{color:#69727d;border:3px solid;background-color:transparent}.elementor-widget-text-editor:not(.elementor-drop-cap-view-default) .elementor-drop-cap{margin-top:8px}.elementor-widget-text-editor:not(.elementor-drop-cap-view-default) .elementor-drop-cap-letter{width:1em;height:1em}.elementor-widget-text-editor .elementor-drop-cap{float:left;text-align:center;line-height:1;font-size:50px}.elementor-widget-text-editor .elementor-drop-cap-letter{display:inline-block}<\/style>\t\t\t\t<p style=\"text-align: center;\"><span style=\"color: #ffffff;\">Planifiez vos prochaines vacances! Que vous cherchiez un lieu pour vous r\u00e9unir avec vos amis ou votre famille, organiser une retraite ou un \u00e9v\u00e9nement, une exp\u00e9rience \u00e9questre \u00e0 Goleg\u00e3, ou d\u00e9couvrir l'histoire extraordinaire du Portugal, vous serez surpris par ce que nous avons \u00e0 vous offrir. Contactez-nous pour en savoir plus. Nous parlons portugais, fran\u00e7ais et anglais.<\/span><\/p>\t\t\t\t\t\t<\/div>\n\t\t\t\t<\/div>\n\t\t\t\t\t<\/div>\n\t\t\t\t<\/div>\n\t\t<div class=\"elementor-element elementor-element-2787e49 e-flex e-con-boxed e-con e-parent\" data-id=\"2787e49\" data-element_type=\"container\" data-settings=\"{&quot;background_background&quot;:&quot;classic&quot;}\" data-core-v316-plus=\"true\">\n\t\t\t\t\t<div class=\"e-con-inner\">\n\t\t<div class=\"elementor-element elementor-element-f967a50 e-con-full e-flex e-con e-child\" data-id=\"f967a50\" data-element_type=\"container\">\n\t\t\t\t<div class=\"elementor-element elementor-element-8f37fad elementor-widget elementor-widget-heading\" data-id=\"8f37fad\" data-element_type=\"widget\" data-widget_type=\"heading.default\">\n\t\t\t\t<div class=\"elementor-widget-container\">\n\t\t\t<h2 class=\"elementor-heading-title elementor-size-default\">Acc\u00e9der<\/h2>\t\t<\/div>\n\t\t\t\t<\/div>\n\t\t\t\t<div class=\"elementor-element elementor-element-1e78fb9 elementor-widget elementor-widget-text-editor\" data-id=\"1e78fb9\" data-element_type=\"widget\" data-widget_type=\"text-editor.default\">\n\t\t\t\t<div class=\"elementor-widget-container\">\n\t\t\t\t\t\t\t<ul><li>A 1 heure de route au nord de Lisbonne par l'autoroute A1.<\/li><li>A 10 km de la gare d'Entroncamento, avec des trains IC r\u00e9guliers depuis Lisbonne (1 heure).<\/li><li>A 2 km de la petite cit\u00e9 m\u00e9di\u00e9vale de Torres Novas, avec ses restaurants et bars.<\/li><li>A 10 km de Goleg\u00e3, la capitale du cheval lusitanien et sa c\u00e9l\u00e8bre foire aux chevaux en novembre.<\/li><li>Service de taxi sur demande.<\/li><\/ul>\t\t\t\t\t\t<\/div>\n\t\t\t\t<\/div>\n\t\t\t\t<\/div>\n\t\t<div class=\"elementor-element elementor-element-ad3b7a1 e-con-full e-flex e-con e-child\" data-id=\"ad3b7a1\" data-element_type=\"container\">\n\t\t\t\t<div class=\"elementor-element elementor-element-42d9f64 elementor-widget elementor-widget-google_maps\" data-id=\"42d9f64\" data-element_type=\"widget\" data-widget_type=\"google_maps.default\">\n\t\t\t\t<div class=\"elementor-widget-container\">\n\t\t\t<style>\/*! elementor - v3.20.0 - 26-03-2024 *\/\n.elementor-widget-google_maps .elementor-widget-container{overflow:hidden}.elementor-widget-google_maps .elementor-custom-embed{line-height:0}.elementor-widget-google_maps iframe{height:300px}<\/style>\t\t<div class=\"elementor-custom-embed\">\n\t\t\t<iframe loading=\"lazy\"\n\t\t\t\t\tsrc=\"https:\/\/maps.google.com\/maps?q=Quinta%20da%20Marmela%2C%20Torres%20Novas&#038;t=m&#038;z=10&#038;output=embed&#038;iwloc=near\"\n\t\t\t\t\ttitle=\"Quinta da Marmela, Torres Novas\"\n\t\t\t\t\taria-label=\"Quinta da Marmela, Torres Novas\"\n\t\t\t><\/iframe>\n\t\t<\/div>\n\t\t\t\t<\/div>\n\t\t\t\t<\/div>\n\t\t\t\t<\/div>\n\t\t\t\t\t<\/div>\n\t\t\t\t<\/div>\n\t\t<div class=\"elementor-element elementor-element-38932f6 e-flex e-con-boxed e-con e-parent\" data-id=\"38932f6\" data-element_type=\"container\" data-settings=\"{&quot;background_background&quot;:&quot;classic&quot;}\" data-core-v316-plus=\"true\">\n\t\t\t\t\t<div class=\"e-con-inner\">\n\t\t<div class=\"elementor-element elementor-element-6551252 e-con-full e-flex e-con e-child\" data-id=\"6551252\" data-element_type=\"container\">\n\t\t\t\t<div class=\"elementor-element elementor-element-b376d79 elementor-widget elementor-widget-heading\" data-id=\"b376d79\" data-element_type=\"widget\" data-widget_type=\"heading.default\">\n\t\t\t\t<div class=\"elementor-widget-container\">\n\t\t\t<h2 class=\"elementor-heading-title elementor-size-default\">R\u00e9servation<\/h2>\t\t<\/div>\n\t\t\t\t<\/div>\n\t\t\t\t<div class=\"elementor-element elementor-element-3ae09c2 elementor-widget elementor-widget-text-editor\" data-id=\"3ae09c2\" data-element_type=\"widget\" data-widget_type=\"text-editor.default\">\n\t\t\t\t<div class=\"elementor-widget-container\">\n\t\t\t\t\t\t\t<p>Pour vos prochaines vacances, retraites ou \u00e9v\u00e9nements, d\u00e9couvertes culturelles ou aventures sportives, n'h\u00e9sitez pas \u00e0 nous contacter pour r\u00e9server des chambres ou louer l'ensemble de la Quinta.<\/p>\t\t\t\t\t\t<\/div>\n\t\t\t\t<\/div>\n\t\t\t\t<div class=\"elementor-element elementor-element-124a820 elementor-icon-list--layout-traditional elementor-list-item-link-full_width elementor-widget elementor-widget-icon-list\" data-id=\"124a820\" data-element_type=\"widget\" data-widget_type=\"icon-list.default\">\n\t\t\t\t<div class=\"elementor-widget-container\">\n\t\t\t<link rel=\"stylesheet\" href=\"https:\/\/www.quintadamarmela.com\/wp-content\/plugins\/elementor\/assets\/css\/widget-icon-list.min.css\">\t\t<ul class=\"elementor-icon-list-items\">\n\t\t\t\t\t\t\t<li class=\"elementor-icon-list-item\">\n\t\t\t\t\t\t\t\t\t\t\t<a href=\"tel: 351935425713\">\n\n\t\t\t\t\t\t\t\t\t\t\t\t<span class=\"elementor-icon-list-icon\">\n\t\t\t\t\t\t\t<svg aria-hidden=\"true\" class=\"e-font-icon-svg e-fas-phone-alt\" viewbox=\"0 0 512 512\" xmlns=\"http:\/\/www.w3.org\/2000\/svg\"><path d=\"M497.39 361.8l-112-48a24 24 0 0 0-28 6.9l-49.6 60.6A370.66 370.66 0 0 1 130.6 204.11l60.6-49.6a23.94 23.94 0 0 0 6.9-28l-48-112A24.16 24.16 0 0 0 122.6.61l-104 24A24 24 0 0 0 0 48c0 256.5 207.9 464 464 464a24 24 0 0 0 23.4-18.6l24-104a24.29 24.29 0 0 0-14.01-27.6z\"><\/path><\/svg>\t\t\t\t\t\t<\/span>\n\t\t\t\t\t\t\t\t\t\t<span class=\"elementor-icon-list-text\">+351 935 425 713<\/span>\n\t\t\t\t\t\t\t\t\t\t\t<\/a>\n\t\t\t\t\t\t\t\t\t<\/li>\n\t\t\t\t\t\t\t\t<li class=\"elementor-icon-list-item\">\n\t\t\t\t\t\t\t\t\t\t\t<a href=\"tel: 32479606956\">\n\n\t\t\t\t\t\t\t\t\t\t\t\t<span class=\"elementor-icon-list-icon\">\n\t\t\t\t\t\t\t<svg aria-hidden=\"true\" class=\"e-font-icon-svg e-fas-phone-alt\" viewbox=\"0 0 512 512\" xmlns=\"http:\/\/www.w3.org\/2000\/svg\"><path d=\"M497.39 361.8l-112-48a24 24 0 0 0-28 6.9l-49.6 60.6A370.66 370.66 0 0 1 130.6 204.11l60.6-49.6a23.94 23.94 0 0 0 6.9-28l-48-112A24.16 24.16 0 0 0 122.6.61l-104 24A24 24 0 0 0 0 48c0 256.5 207.9 464 464 464a24 24 0 0 0 23.4-18.6l24-104a24.29 24.29 0 0 0-14.01-27.6z\"><\/path><\/svg>\t\t\t\t\t\t<\/span>\n\t\t\t\t\t\t\t\t\t\t<span class=\"elementor-icon-list-text\">+32 479 606 956<\/span>\n\t\t\t\t\t\t\t\t\t\t\t<\/a>\n\t\t\t\t\t\t\t\t\t<\/li>\n\t\t\t\t\t\t\t\t<li class=\"elementor-icon-list-item\">\n\t\t\t\t\t\t\t\t\t\t\t<a href=\"mailto:marmela2015@gmail.com\">\n\n\t\t\t\t\t\t\t\t\t\t\t\t<span class=\"elementor-icon-list-icon\">\n\t\t\t\t\t\t\t<svg aria-hidden=\"true\" class=\"e-font-icon-svg e-fas-envelope\" viewbox=\"0 0 512 512\" xmlns=\"http:\/\/www.w3.org\/2000\/svg\"><path d=\"M502.3 190.8c3.9-3.1 9.7-.2 9.7 4.7V400c0 26.5-21.5 48-48 48H48c-26.5 0-48-21.5-48-48V195.6c0-5 5.7-7.8 9.7-4.7 22.4 17.4 52.1 39.5 154.1 113.6 21.1 15.4 56.7 47.8 92.2 47.6 35.7.3 72-32.8 92.3-47.6 102-74.1 131.6-96.3 154-113.7zM256 320c23.2.4 56.6-29.2 73.4-41.4 132.7-96.3 142.8-104.7 173.4-128.7 5.8-4.5 9.2-11.5 9.2-18.9v-19c0-26.5-21.5-48-48-48H48C21.5 64 0 85.5 0 112v19c0 7.4 3.4 14.3 9.2 18.9 30.6 23.9 40.7 32.4 173.4 128.7 16.8 12.2 50.2 41.8 73.4 41.4z\"><\/path><\/svg>\t\t\t\t\t\t<\/span>\n\t\t\t\t\t\t\t\t\t\t<span class=\"elementor-icon-list-text\">marmela2015@gmail.com<\/span>\n\t\t\t\t\t\t\t\t\t\t\t<\/a>\n\t\t\t\t\t\t\t\t\t<\/li>\n\t\t\t\t\t\t<\/ul>\n\t\t\t\t<\/div>\n\t\t\t\t<\/div>\n\t\t\t\t<\/div>\n\t\t<div class=\"elementor-element elementor-element-ea20dc5 e-con-full e-flex e-con e-child\" data-id=\"ea20dc5\" data-element_type=\"container\">\n\t\t<div class=\"elementor-element elementor-element-0c914a3 e-con-full e-flex e-con e-child\" data-id=\"0c914a3\" data-element_type=\"container\">\n\t\t\t\t<div class=\"elementor-element elementor-element-62d19b1 elementor-align-justify elementor-widget elementor-widget-button\" data-id=\"62d19b1\" data-element_type=\"widget\" data-widget_type=\"button.default\">\n\t\t\t\t<div class=\"elementor-widget-container\">\n\t\t\t\t\t<div class=\"elementor-button-wrapper\">\n\t\t\t<a class=\"elementor-button elementor-button-link elementor-size-sm\" href=\"#elementor-action:action=popup:open&settings=eyJpZCI6IjM2MCIsInRvZ2dsZSI6ZmFsc2V9\">\n\t\t\t\t\t\t<span class=\"elementor-button-content-wrapper\">\n\t\t\t\t\t\t<span class=\"elementor-button-text\">R\u00e9servez la maison<\/span>\n\t\t<\/span>\n\t\t\t\t\t<\/a>\n\t\t<\/div>\n\t\t\t\t<\/div>\n\t\t\t\t<\/div>\n\t\t\t\t<\/div>\n\t\t<div class=\"elementor-element elementor-element-f19c3a3 e-con-full e-flex e-con e-child\" data-id=\"f19c3a3\" data-element_type=\"container\">\n\t\t\t\t<div class=\"elementor-element elementor-element-726c6a5 elementor-align-justify elementor-widget elementor-widget-button\" data-id=\"726c6a5\" data-element_type=\"widget\" data-widget_type=\"button.default\">\n\t\t\t\t<div class=\"elementor-widget-container\">\n\t\t\t\t\t<div class=\"elementor-button-wrapper\">\n\t\t\t<a class=\"elementor-button elementor-button-link elementor-size-sm\" href=\"#elementor-action:action=popup:open&settings=eyJpZCI6IjM4MiIsInRvZ2dsZSI6ZmFsc2V9\">\n\t\t\t\t\t\t<span class=\"elementor-button-content-wrapper\">\n\t\t\t\t\t\t<span class=\"elementor-button-text\">\u00c9v\u00e8nements<\/span>\n\t\t<\/span>\n\t\t\t\t\t<\/a>\n\t\t<\/div>\n\t\t\t\t<\/div>\n\t\t\t\t<\/div>\n\t\t\t\t<\/div>\n\t\t<div class=\"elementor-element elementor-element-d5067c5 e-con-full e-flex e-con e-child\" data-id=\"d5067c5\" data-element_type=\"container\">\n\t\t\t\t<div class=\"elementor-element elementor-element-5a7b228 elementor-align-justify elementor-widget elementor-widget-button\" data-id=\"5a7b228\" data-element_type=\"widget\" data-widget_type=\"button.default\">\n\t\t\t\t<div class=\"elementor-widget-container\">\n\t\t\t\t\t<div class=\"elementor-button-wrapper\">\n\t\t\t<a class=\"elementor-button elementor-button-link elementor-size-sm\" href=\"#elementor-action:action=popup:open&settings=eyJpZCI6IjM5MCIsInRvZ2dsZSI6ZmFsc2V9\">\n\t\t\t\t\t\t<span class=\"elementor-button-content-wrapper\">\n\t\t\t\t\t\t<span class=\"elementor-button-text\">Organiser une retraite (yoga,\u2026)<\/span>\n\t\t<\/span>\n\t\t\t\t\t<\/a>\n\t\t<\/div>\n\t\t\t\t<\/div>\n\t\t\t\t<\/div>\n\t\t\t\t<\/div>\n\t\t<div class=\"elementor-element elementor-element-b6a5473 e-con-full e-flex e-con e-child\" data-id=\"b6a5473\" data-element_type=\"container\">\n\t\t\t\t<div class=\"elementor-element elementor-element-7f51e44 elementor-align-justify elementor-widget elementor-widget-button\" data-id=\"7f51e44\" data-element_type=\"widget\" data-widget_type=\"button.default\">\n\t\t\t\t<div class=\"elementor-widget-container\">\n\t\t\t\t\t<div class=\"elementor-button-wrapper\">\n\t\t\t<a class=\"elementor-button elementor-button-link elementor-size-sm\" href=\"#elementor-action:action=popup:open&settings=eyJpZCI6IjM5NiIsInRvZ2dsZSI6ZmFsc2V9\">\n\t\t\t\t\t\t<span class=\"elementor-button-content-wrapper\">\n\t\t\t\t\t\t<span class=\"elementor-button-text\">Vacances culturelles<\/span>\n\t\t<\/span>\n\t\t\t\t\t<\/a>\n\t\t<\/div>\n\t\t\t\t<\/div>\n\t\t\t\t<\/div>\n\t\t\t\t<\/div>\n\t\t<div class=\"elementor-element elementor-element-342a2da e-con-full e-flex e-con e-child\" data-id=\"342a2da\" data-element_type=\"container\">\n\t\t\t\t<div class=\"elementor-element elementor-element-2f02f97 elementor-align-justify elementor-widget elementor-widget-button\" data-id=\"2f02f97\" data-element_type=\"widget\" data-widget_type=\"button.default\">\n\t\t\t\t<div class=\"elementor-widget-container\">\n\t\t\t\t\t<div class=\"elementor-button-wrapper\">\n\t\t\t<a class=\"elementor-button elementor-button-link elementor-size-sm\" href=\"#elementor-action:action=popup:open&settings=eyJpZCI6IjQwMyIsInRvZ2dsZSI6ZmFsc2V9\">\n\t\t\t\t\t\t<span class=\"elementor-button-content-wrapper\">\n\t\t\t\t\t\t<span class=\"elementor-button-text\">La foire \u00e9questre de Goleg\u00e3 \u00e0 cheval<\/span>\n\t\t<\/span>\n\t\t\t\t\t<\/a>\n\t\t<\/div>\n\t\t\t\t<\/div>\n\t\t\t\t<\/div>\n\t\t\t\t<\/div>\n\t\t\t\t<\/div>\n\t\t\t\t\t<\/div>\n\t\t\t\t<\/div>\n\t\t\t\t<\/div>","protected":false},"excerpt":{"rendered":"<p>Plan your next vacation with us! Whether you\u2019re seeking a venue to gather with friends or family, organize a retreat or event, experience a cultural immersion while riding at the Goleg\u00e3 Horse Festival, or discover Portugal\u2019s extraordinary history , you\u2019ll be amazed by what we have to offer. Contact us now to book the Quinta. [&hellip;]<\/p>","protected":false},"author":1,"featured_media":0,"parent":0,"menu_order":0,"comment_status":"closed","ping_status":"closed","template":"","meta":{"footnotes":""},"class_list":["post-59","page","type-page","status-publish","hentry"],"yoast_head":"<!-- This site is optimized with the Yoast SEO Premium plugin v22.1 (Yoast SEO v22.1) - https:\/\/yoast.com\/wordpress\/plugins\/seo\/ -->\n<title>Access &amp; Reservation - Quinta da Marmela<\/title>\n<meta name=\"robots\" content=\"index, follow, max-snippet:-1, max-image-preview:large, max-video-preview:-1\" \/>\n<link rel=\"canonical\" href=\"https:\/\/www.quintadamarmela.com\/fr\/access-reservation\/\" \/>\n<meta property=\"og:locale\" content=\"fr_FR\" \/>\n<meta property=\"og:type\" content=\"article\" \/>\n<meta property=\"og:title\" content=\"Access &amp; Reservation\" \/>\n<meta property=\"og:description\" content=\"Plan your next vacation with us! Whether you\u2019re seeking a venue to gather with friends or family, organize a retreat or event, experience a cultural immersion while riding at the Goleg\u00e3 Horse Festival, or discover Portugal\u2019s extraordinary history , you\u2019ll be amazed by what we have to offer. Contact us now to book the Quinta. [&hellip;]\" \/>\n<meta property=\"og:url\" content=\"https:\/\/www.quintadamarmela.com\/fr\/access-reservation\/\" \/>\n<meta property=\"og:site_name\" content=\"Quinta da Marmela\" \/>\n<meta property=\"article:publisher\" content=\"https:\/\/www.facebook.com\/people\/Quinta-da-Marmela\/100078447232888\/\" \/>\n<meta property=\"article:modified_time\" content=\"2024-03-30T00:54:15+00:00\" \/>\n<meta property=\"og:image\" content=\"https:\/\/www.quintadamarmela.com\/wp-content\/uploads\/2024\/04\/og-quinta.png\" \/>\n\t<meta property=\"og:image:width\" content=\"1200\" \/>\n\t<meta property=\"og:image:height\" content=\"630\" \/>\n\t<meta property=\"og:image:type\" content=\"image\/png\" \/>\n<meta name=\"twitter:card\" content=\"summary_large_image\" \/>\n<meta name=\"twitter:label1\" content=\"Dur\u00e9e de lecture estim\u00e9e\" \/>\n\t<meta name=\"twitter:data1\" content=\"1 minute\" \/>\n<script type=\"application\/ld+json\" class=\"yoast-schema-graph\">{\"@context\":\"https:\/\/schema.org\",\"@graph\":[{\"@type\":\"WebPage\",\"@id\":\"https:\/\/www.quintadamarmela.com\/access-reservation\/\",\"url\":\"https:\/\/www.quintadamarmela.com\/access-reservation\/\",\"name\":\"Access & Reservation - Quinta da Marmela\",\"isPartOf\":{\"@id\":\"https:\/\/www.quintadamarmela.com\/#website\"},\"datePublished\":\"2024-03-06T11:27:16+00:00\",\"dateModified\":\"2024-03-30T00:54:15+00:00\",\"breadcrumb\":{\"@id\":\"https:\/\/www.quintadamarmela.com\/access-reservation\/#breadcrumb\"},\"inLanguage\":\"fr-FR\",\"potentialAction\":[{\"@type\":\"ReadAction\",\"target\":[\"https:\/\/www.quintadamarmela.com\/access-reservation\/\"]}]},{\"@type\":\"BreadcrumbList\",\"@id\":\"https:\/\/www.quintadamarmela.com\/access-reservation\/#breadcrumb\",\"itemListElement\":[{\"@type\":\"ListItem\",\"position\":1,\"name\":\"Home\",\"item\":\"https:\/\/www.quintadamarmela.com\/\"},{\"@type\":\"ListItem\",\"position\":2,\"name\":\"Access &#038; Reservation\"}]},{\"@type\":\"WebSite\",\"@id\":\"https:\/\/www.quintadamarmela.com\/#website\",\"url\":\"https:\/\/www.quintadamarmela.com\/\",\"name\":\"Quinta da Marmela\",\"description\":\"Rural Accommodation\",\"publisher\":{\"@id\":\"https:\/\/www.quintadamarmela.com\/#organization\"},\"potentialAction\":[{\"@type\":\"SearchAction\",\"target\":{\"@type\":\"EntryPoint\",\"urlTemplate\":\"https:\/\/www.quintadamarmela.com\/?s={search_term_string}\"},\"query-input\":\"required name=search_term_string\"}],\"inLanguage\":\"fr-FR\"},{\"@type\":\"Organization\",\"@id\":\"https:\/\/www.quintadamarmela.com\/#organization\",\"name\":\"Quinta da Marmela\",\"url\":\"https:\/\/www.quintadamarmela.com\/\",\"logo\":{\"@type\":\"ImageObject\",\"inLanguage\":\"fr-FR\",\"@id\":\"https:\/\/www.quintadamarmela.com\/#\/schema\/logo\/image\/\",\"url\":\"https:\/\/www.quintadamarmela.com\/wp-content\/uploads\/2024\/03\/icon.png\",\"contentUrl\":\"https:\/\/www.quintadamarmela.com\/wp-content\/uploads\/2024\/03\/icon.png\",\"width\":591,\"height\":592,\"caption\":\"Quinta da Marmela\"},\"image\":{\"@id\":\"https:\/\/www.quintadamarmela.com\/#\/schema\/logo\/image\/\"},\"sameAs\":[\"https:\/\/www.facebook.com\/people\/Quinta-da-Marmela\/100078447232888\/\",\"https:\/\/www.instagram.com\/quinta_marmela\/\"],\"description\":\"Descubra a hist\u00f3ria e a qualidade de vida de Portugal.\",\"email\":\"marmela2015@gmail.com\",\"telephone\":\"+351935425713\"}]}<\/script>\n<!-- \/ Yoast SEO Premium plugin. -->","yoast_head_json":{"title":"Access & Reservation - Quinta da Marmela","robots":{"index":"index","follow":"follow","max-snippet":"max-snippet:-1","max-image-preview":"max-image-preview:large","max-video-preview":"max-video-preview:-1"},"canonical":"https:\/\/www.quintadamarmela.com\/fr\/access-reservation\/","og_locale":"fr_FR","og_type":"article","og_title":"Access & Reservation","og_description":"Plan your next vacation with us! Whether you\u2019re seeking a venue to gather with friends or family, organize a retreat or event, experience a cultural immersion while riding at the Goleg\u00e3 Horse Festival, or discover Portugal\u2019s extraordinary history , you\u2019ll be amazed by what we have to offer. Contact us now to book the Quinta. [&hellip;]","og_url":"https:\/\/www.quintadamarmela.com\/fr\/access-reservation\/","og_site_name":"Quinta da Marmela","article_publisher":"https:\/\/www.facebook.com\/people\/Quinta-da-Marmela\/100078447232888\/","article_modified_time":"2024-03-30T00:54:15+00:00","og_image":[{"width":1200,"height":630,"url":"https:\/\/www.quintadamarmela.com\/wp-content\/uploads\/2024\/04\/og-quinta.png","type":"image\/png"}],"twitter_card":"summary_large_image","twitter_misc":{"Dur\u00e9e de lecture estim\u00e9e":"1 minute"},"schema":{"@context":"https:\/\/schema.org","@graph":[{"@type":"WebPage","@id":"https:\/\/www.quintadamarmela.com\/access-reservation\/","url":"https:\/\/www.quintadamarmela.com\/access-reservation\/","name":"Access & Reservation - Quinta da Marmela","isPartOf":{"@id":"https:\/\/www.quintadamarmela.com\/#website"},"datePublished":"2024-03-06T11:27:16+00:00","dateModified":"2024-03-30T00:54:15+00:00","breadcrumb":{"@id":"https:\/\/www.quintadamarmela.com\/access-reservation\/#breadcrumb"},"inLanguage":"fr-FR","potentialAction":[{"@type":"ReadAction","target":["https:\/\/www.quintadamarmela.com\/access-reservation\/"]}]},{"@type":"BreadcrumbList","@id":"https:\/\/www.quintadamarmela.com\/access-reservation\/#breadcrumb","itemListElement":[{"@type":"ListItem","position":1,"name":"Home","item":"https:\/\/www.quintadamarmela.com\/"},{"@type":"ListItem","position":2,"name":"Access &#038; Reservation"}]},{"@type":"WebSite","@id":"https:\/\/www.quintadamarmela.com\/#website","url":"https:\/\/www.quintadamarmela.com\/","name":"Quinta da Marmela","description":"Rural Accommodation","publisher":{"@id":"https:\/\/www.quintadamarmela.com\/#organization"},"potentialAction":[{"@type":"SearchAction","target":{"@type":"EntryPoint","urlTemplate":"https:\/\/www.quintadamarmela.com\/?s={search_term_string}"},"query-input":"required name=search_term_string"}],"inLanguage":"fr-FR"},{"@type":"Organization","@id":"https:\/\/www.quintadamarmela.com\/#organization","name":"Quinta da Marmela","url":"https:\/\/www.quintadamarmela.com\/","logo":{"@type":"ImageObject","inLanguage":"fr-FR","@id":"https:\/\/www.quintadamarmela.com\/#\/schema\/logo\/image\/","url":"https:\/\/www.quintadamarmela.com\/wp-content\/uploads\/2024\/03\/icon.png","contentUrl":"https:\/\/www.quintadamarmela.com\/wp-content\/uploads\/2024\/03\/icon.png","width":591,"height":592,"caption":"Quinta da Marmela"},"image":{"@id":"https:\/\/www.quintadamarmela.com\/#\/schema\/logo\/image\/"},"sameAs":["https:\/\/www.facebook.com\/people\/Quinta-da-Marmela\/100078447232888\/","https:\/\/www.instagram.com\/quinta_marmela\/"],"description":"Descubra a hist\u00f3ria e a qualidade de vida de Portugal.","email":"marmela2015@gmail.com","telephone":"+351935425713"}]}},"_links":{"self":[{"href":"https:\/\/www.quintadamarmela.com\/fr\/wp-json\/wp\/v2\/pages\/59","targetHints":{"allow":["GET"]}}],"collection":[{"href":"https:\/\/www.quintadamarmela.com\/fr\/wp-json\/wp\/v2\/pages"}],"about":[{"href":"https:\/\/www.quintadamarmela.com\/fr\/wp-json\/wp\/v2\/types\/page"}],"author":[{"embeddable":true,"href":"https:\/\/www.quintadamarmela.com\/fr\/wp-json\/wp\/v2\/users\/1"}],"replies":[{"embeddable":true,"href":"https:\/\/www.quintadamarmela.com\/fr\/wp-json\/wp\/v2\/comments?post=59"}],"version-history":[{"count":64,"href":"https:\/\/www.quintadamarmela.com\/fr\/wp-json\/wp\/v2\/pages\/59\/revisions"}],"predecessor-version":[{"id":723,"href":"https:\/\/www.quintadamarmela.com\/fr\/wp-json\/wp\/v2\/pages\/59\/revisions\/723"}],"wp:attachment":[{"href":"https:\/\/www.quintadamarmela.com\/fr\/wp-json\/wp\/v2\/media?parent=59"}],"curies":[{"name":"wp","href":"https:\/\/api.w.org\/{rel}","templated":true}]}}