{"id":233,"date":"2024-03-06T17:22:28","date_gmt":"2024-03-06T17:22:28","guid":{"rendered":"https:\/\/www.quintadamarmela.com\/novo\/?page_id=233"},"modified":"2024-03-06T20:46:04","modified_gmt":"2024-03-06T20:46:04","slug":"privacy-policy","status":"publish","type":"page","link":"https:\/\/www.quintadamarmela.com\/pt\/privacy-policy\/","title":{"rendered":"Pol\u00edtica de Privacidade"},"content":{"rendered":"<div data-elementor-type=\"wp-page\" data-elementor-id=\"233\" class=\"elementor elementor-233\" data-elementor-post-type=\"page\">\n\t\t\t\t<div class=\"elementor-element elementor-element-64bc2e5 e-flex e-con-boxed e-con e-parent\" data-id=\"64bc2e5\" data-element_type=\"container\" data-settings=\"{&quot;background_background&quot;:&quot;classic&quot;}\" data-core-v316-plus=\"true\">\n\t\t\t\t\t<div class=\"e-con-inner\">\n\t\t\t\t<div class=\"elementor-element elementor-element-27b93ef elementor-widget elementor-widget-heading\" data-id=\"27b93ef\" data-element_type=\"widget\" data-widget_type=\"heading.default\">\n\t\t\t\t<div class=\"elementor-widget-container\">\n\t\t\t<style>\/*! elementor - v3.20.0 - 26-03-2024 *\/\n.elementor-heading-title{padding:0;margin:0;line-height:1}.elementor-widget-heading .elementor-heading-title[class*=elementor-size-]>a{color:inherit;font-size:inherit;line-height:inherit}.elementor-widget-heading .elementor-heading-title.elementor-size-small{font-size:15px}.elementor-widget-heading .elementor-heading-title.elementor-size-medium{font-size:19px}.elementor-widget-heading .elementor-heading-title.elementor-size-large{font-size:29px}.elementor-widget-heading .elementor-heading-title.elementor-size-xl{font-size:39px}.elementor-widget-heading .elementor-heading-title.elementor-size-xxl{font-size:59px}<\/style><h1 class=\"elementor-heading-title elementor-size-default\">Pol\u00edtica de Privacidade<\/h1>\t\t<\/div>\n\t\t\t\t<\/div>\n\t\t\t\t\t<\/div>\n\t\t\t\t<\/div>\n\t\t<div class=\"elementor-element elementor-element-3fa6cb3 e-flex e-con-boxed e-con e-parent\" data-id=\"3fa6cb3\" data-element_type=\"container\" data-core-v316-plus=\"true\">\n\t\t\t\t\t<div class=\"e-con-inner\">\n\t\t<div class=\"elementor-element elementor-element-422da72 e-flex e-con-boxed e-con e-child\" data-id=\"422da72\" data-element_type=\"container\">\n\t\t\t\t\t<div class=\"e-con-inner\">\n\t\t\t\t<div class=\"elementor-element elementor-element-d626f8a elementor-widget elementor-widget-text-editor\" data-id=\"d626f8a\" data-element_type=\"widget\" data-widget_type=\"text-editor.default\">\n\t\t\t\t<div class=\"elementor-widget-container\">\n\t\t\t<style>\/*! elementor - v3.20.0 - 26-03-2024 *\/\n.elementor-widget-text-editor.elementor-drop-cap-view-stacked .elementor-drop-cap{background-color:#69727d;color:#fff}.elementor-widget-text-editor.elementor-drop-cap-view-framed .elementor-drop-cap{color:#69727d;border:3px solid;background-color:transparent}.elementor-widget-text-editor:not(.elementor-drop-cap-view-default) .elementor-drop-cap{margin-top:8px}.elementor-widget-text-editor:not(.elementor-drop-cap-view-default) .elementor-drop-cap-letter{width:1em;height:1em}.elementor-widget-text-editor .elementor-drop-cap{float:left;text-align:center;line-height:1;font-size:50px}.elementor-widget-text-editor .elementor-drop-cap-letter{display:inline-block}<\/style>\t\t\t\t<p><b>Quinta<\/b> <strong>da Marmela<\/strong> respeita a privacidade de todos os utilizadores e garantimos a confidencialidade de todos os dados fornecidos pelos seus clientes. <br \/>Os dados fornecidos neste site ser\u00e3o utilizados apenas para processar a sua estadia ou enviar newsletters com informa\u00e7\u00f5es sobre os nossos servi\u00e7os. <br \/>A utiliza\u00e7\u00e3o destas informa\u00e7\u00f5es e dados ser\u00e1 realizada no cumprimento da legisla\u00e7\u00e3o aplic\u00e1vel em mat\u00e9ria de protec\u00e7\u00e3o de dados pessoais \u2013 Lei 67\/98, de 26 de Outubro, Lei da Protec\u00e7\u00e3o de Dados \u2013 de forma a garantir a confidencialidade e seguran\u00e7a dos dados pessoais fornecidos. <br \/>No \u00e2mbito da gest\u00e3o de dados de clientes, os dados pessoais recolhidos ser\u00e3o transmitidos a terceiros que sejam empresas de transporte de mercadorias com a \u00fanica e exclusiva finalidade de realizar e executar integralmente os servi\u00e7os ou produtos adquiridos pelo utilizador, titular dos dados pessoais recolhidos. <br \/>O fornecimento de dados pessoais \u00e9 facultativo e ser\u00e1 sempre garantido o direito de acesso, retifica\u00e7\u00e3o e cancelamento de quaisquer dados fornecidos, nos termos da lei, podendo esse direito ser exercido pessoalmente ou por escrito, diretamente para o endere\u00e7o constante no site. <br \/>Ao visitar este website est\u00e1 a aceitar a sua pol\u00edtica de privacidade.<\/p><p>\u00a0<\/p><p><strong>Condi\u00e7\u00f5es Gerais<\/strong><br \/>O Utilizador compromete-se a utilizar este website em cumprimento do disposto na legisla\u00e7\u00e3o aplic\u00e1vel, abstendo-se de utilizar o website para atividades contr\u00e1rias \u00e0 lei, \u00e0 moral e aos bons costumes, ou a direitos e interesses de terceiros. <br \/>Este website poder\u00e1 conter links para outros websites, os quais poder\u00e3o conter informa\u00e7\u00f5es\/ferramentas \u00fateis para os seus utilizadores. Estas condi\u00e7\u00f5es gerais n\u00e3o se aplicar\u00e3o a sites de terceiros. <br \/>Portanto, caso o usu\u00e1rio visite outro site, redirecionado do meu site, dever\u00e1 ler a sua pol\u00edtica de privacidade.<\/p><p>\u00a0<\/p><p><strong>Altera\u00e7\u00f5es \u00e0s presentes Condi\u00e7\u00f5es<\/strong><br \/><strong>Quinta da Marmela<\/strong> reserva-se o direito de modificar unilateralmente e a qualquer momento, sem aviso pr\u00e9vio, a apresenta\u00e7\u00e3o e conte\u00fado do site, dos seus servi\u00e7os e das condi\u00e7\u00f5es gerais de utiliza\u00e7\u00e3o. Estas modifica\u00e7\u00f5es servir\u00e3o para melhorar o nosso site, melhorando simultaneamente os servi\u00e7os oferecidos aos meus visitantes e clientes.<\/p><p>\u00a0<\/p><p><strong>Propriedade intelectual<\/strong><br \/>Todos os conte\u00fados e informa\u00e7\u00f5es deste site s\u00e3o de nossa propriedade e, portanto, a utiliza\u00e7\u00e3o, reprodu\u00e7\u00e3o, c\u00f3pia e divulga\u00e7\u00e3o por outros meios de logotipos, textos, imagens e v\u00eddeos est\u00e3o sujeitas \u00e0 minha autoriza\u00e7\u00e3o pr\u00e9via nesse sentido.<\/p>\t\t\t\t\t\t<\/div>\n\t\t\t\t<\/div>\n\t\t\t\t\t<\/div>\n\t\t\t\t<\/div>\n\t\t\t\t\t<\/div>\n\t\t\t\t<\/div>\n\t\t\t\t<\/div>","protected":false},"excerpt":{"rendered":"<p>Quinta da Marmela respects the privacy of all users and we guarantee the confidentiality of all data provided by its customers. The data provided on this website will only be used to process your stay or send newsletters with information about our services. The use of this information and data will be carried out in [&hellip;]<\/p>","protected":false},"author":1,"featured_media":0,"parent":0,"menu_order":0,"comment_status":"closed","ping_status":"closed","template":"","meta":{"footnotes":""},"class_list":["post-233","page","type-page","status-publish","hentry"],"yoast_head":"<!-- This site is optimized with the Yoast SEO Premium plugin v22.1 (Yoast SEO v22.1) - https:\/\/yoast.com\/wordpress\/plugins\/seo\/ -->\n<title>Privacy Policy - Quinta da Marmela<\/title>\n<meta name=\"robots\" content=\"index, follow, max-snippet:-1, max-image-preview:large, max-video-preview:-1\" \/>\n<link rel=\"canonical\" href=\"https:\/\/www.quintadamarmela.com\/pt\/privacy-policy\/\" \/>\n<meta property=\"og:locale\" content=\"pt_PT\" \/>\n<meta property=\"og:type\" content=\"article\" \/>\n<meta property=\"og:title\" content=\"Privacy Policy\" \/>\n<meta property=\"og:description\" content=\"Quinta da Marmela respects the privacy of all users and we guarantee the confidentiality of all data provided by its customers. The data provided on this website will only be used to process your stay or send newsletters with information about our services. The use of this information and data will be carried out in [&hellip;]\" \/>\n<meta property=\"og:url\" content=\"https:\/\/www.quintadamarmela.com\/pt\/privacy-policy\/\" \/>\n<meta property=\"og:site_name\" content=\"Quinta da Marmela\" \/>\n<meta property=\"article:publisher\" content=\"https:\/\/www.facebook.com\/people\/Quinta-da-Marmela\/100078447232888\/\" \/>\n<meta property=\"article:modified_time\" content=\"2024-03-06T20:46:04+00:00\" \/>\n<meta property=\"og:image\" content=\"https:\/\/www.quintadamarmela.com\/wp-content\/uploads\/2024\/04\/og-quinta.png\" \/>\n\t<meta property=\"og:image:width\" content=\"1200\" \/>\n\t<meta property=\"og:image:height\" content=\"630\" \/>\n\t<meta property=\"og:image:type\" content=\"image\/png\" \/>\n<meta name=\"twitter:card\" content=\"summary_large_image\" \/>\n<meta name=\"twitter:label1\" content=\"Tempo estimado de leitura\" \/>\n\t<meta name=\"twitter:data1\" content=\"2 minutos\" \/>\n<script type=\"application\/ld+json\" class=\"yoast-schema-graph\">{\"@context\":\"https:\/\/schema.org\",\"@graph\":[{\"@type\":\"WebPage\",\"@id\":\"https:\/\/www.quintadamarmela.com\/privacy-policy\/\",\"url\":\"https:\/\/www.quintadamarmela.com\/privacy-policy\/\",\"name\":\"Privacy Policy - Quinta da Marmela\",\"isPartOf\":{\"@id\":\"https:\/\/www.quintadamarmela.com\/#website\"},\"datePublished\":\"2024-03-06T17:22:28+00:00\",\"dateModified\":\"2024-03-06T20:46:04+00:00\",\"breadcrumb\":{\"@id\":\"https:\/\/www.quintadamarmela.com\/privacy-policy\/#breadcrumb\"},\"inLanguage\":\"pt-PT\",\"potentialAction\":[{\"@type\":\"ReadAction\",\"target\":[\"https:\/\/www.quintadamarmela.com\/privacy-policy\/\"]}]},{\"@type\":\"BreadcrumbList\",\"@id\":\"https:\/\/www.quintadamarmela.com\/privacy-policy\/#breadcrumb\",\"itemListElement\":[{\"@type\":\"ListItem\",\"position\":1,\"name\":\"Home\",\"item\":\"https:\/\/www.quintadamarmela.com\/\"},{\"@type\":\"ListItem\",\"position\":2,\"name\":\"Privacy Policy\"}]},{\"@type\":\"WebSite\",\"@id\":\"https:\/\/www.quintadamarmela.com\/#website\",\"url\":\"https:\/\/www.quintadamarmela.com\/\",\"name\":\"Quinta da Marmela\",\"description\":\"Rural Accommodation\",\"publisher\":{\"@id\":\"https:\/\/www.quintadamarmela.com\/#organization\"},\"potentialAction\":[{\"@type\":\"SearchAction\",\"target\":{\"@type\":\"EntryPoint\",\"urlTemplate\":\"https:\/\/www.quintadamarmela.com\/?s={search_term_string}\"},\"query-input\":\"required name=search_term_string\"}],\"inLanguage\":\"pt-PT\"},{\"@type\":\"Organization\",\"@id\":\"https:\/\/www.quintadamarmela.com\/#organization\",\"name\":\"Quinta da Marmela\",\"url\":\"https:\/\/www.quintadamarmela.com\/\",\"logo\":{\"@type\":\"ImageObject\",\"inLanguage\":\"pt-PT\",\"@id\":\"https:\/\/www.quintadamarmela.com\/#\/schema\/logo\/image\/\",\"url\":\"https:\/\/www.quintadamarmela.com\/wp-content\/uploads\/2024\/03\/icon.png\",\"contentUrl\":\"https:\/\/www.quintadamarmela.com\/wp-content\/uploads\/2024\/03\/icon.png\",\"width\":591,\"height\":592,\"caption\":\"Quinta da Marmela\"},\"image\":{\"@id\":\"https:\/\/www.quintadamarmela.com\/#\/schema\/logo\/image\/\"},\"sameAs\":[\"https:\/\/www.facebook.com\/people\/Quinta-da-Marmela\/100078447232888\/\",\"https:\/\/www.instagram.com\/quinta_marmela\/\"],\"description\":\"Descubra a hist\u00f3ria e a qualidade de vida de Portugal.\",\"email\":\"marmela2015@gmail.com\",\"telephone\":\"+351935425713\"}]}<\/script>\n<!-- \/ Yoast SEO Premium plugin. -->","yoast_head_json":{"title":"Privacy Policy - Quinta da Marmela","robots":{"index":"index","follow":"follow","max-snippet":"max-snippet:-1","max-image-preview":"max-image-preview:large","max-video-preview":"max-video-preview:-1"},"canonical":"https:\/\/www.quintadamarmela.com\/pt\/privacy-policy\/","og_locale":"pt_PT","og_type":"article","og_title":"Privacy Policy","og_description":"Quinta da Marmela respects the privacy of all users and we guarantee the confidentiality of all data provided by its customers. The data provided on this website will only be used to process your stay or send newsletters with information about our services. The use of this information and data will be carried out in [&hellip;]","og_url":"https:\/\/www.quintadamarmela.com\/pt\/privacy-policy\/","og_site_name":"Quinta da Marmela","article_publisher":"https:\/\/www.facebook.com\/people\/Quinta-da-Marmela\/100078447232888\/","article_modified_time":"2024-03-06T20:46:04+00:00","og_image":[{"width":1200,"height":630,"url":"https:\/\/www.quintadamarmela.com\/wp-content\/uploads\/2024\/04\/og-quinta.png","type":"image\/png"}],"twitter_card":"summary_large_image","twitter_misc":{"Tempo estimado de leitura":"2 minutos"},"schema":{"@context":"https:\/\/schema.org","@graph":[{"@type":"WebPage","@id":"https:\/\/www.quintadamarmela.com\/privacy-policy\/","url":"https:\/\/www.quintadamarmela.com\/privacy-policy\/","name":"Privacy Policy - Quinta da Marmela","isPartOf":{"@id":"https:\/\/www.quintadamarmela.com\/#website"},"datePublished":"2024-03-06T17:22:28+00:00","dateModified":"2024-03-06T20:46:04+00:00","breadcrumb":{"@id":"https:\/\/www.quintadamarmela.com\/privacy-policy\/#breadcrumb"},"inLanguage":"pt-PT","potentialAction":[{"@type":"ReadAction","target":["https:\/\/www.quintadamarmela.com\/privacy-policy\/"]}]},{"@type":"BreadcrumbList","@id":"https:\/\/www.quintadamarmela.com\/privacy-policy\/#breadcrumb","itemListElement":[{"@type":"ListItem","position":1,"name":"Home","item":"https:\/\/www.quintadamarmela.com\/"},{"@type":"ListItem","position":2,"name":"Privacy Policy"}]},{"@type":"WebSite","@id":"https:\/\/www.quintadamarmela.com\/#website","url":"https:\/\/www.quintadamarmela.com\/","name":"Quinta da Marmela","description":"Rural Accommodation","publisher":{"@id":"https:\/\/www.quintadamarmela.com\/#organization"},"potentialAction":[{"@type":"SearchAction","target":{"@type":"EntryPoint","urlTemplate":"https:\/\/www.quintadamarmela.com\/?s={search_term_string}"},"query-input":"required name=search_term_string"}],"inLanguage":"pt-PT"},{"@type":"Organization","@id":"https:\/\/www.quintadamarmela.com\/#organization","name":"Quinta da Marmela","url":"https:\/\/www.quintadamarmela.com\/","logo":{"@type":"ImageObject","inLanguage":"pt-PT","@id":"https:\/\/www.quintadamarmela.com\/#\/schema\/logo\/image\/","url":"https:\/\/www.quintadamarmela.com\/wp-content\/uploads\/2024\/03\/icon.png","contentUrl":"https:\/\/www.quintadamarmela.com\/wp-content\/uploads\/2024\/03\/icon.png","width":591,"height":592,"caption":"Quinta da Marmela"},"image":{"@id":"https:\/\/www.quintadamarmela.com\/#\/schema\/logo\/image\/"},"sameAs":["https:\/\/www.facebook.com\/people\/Quinta-da-Marmela\/100078447232888\/","https:\/\/www.instagram.com\/quinta_marmela\/"],"description":"Descubra a hist\u00f3ria e a qualidade de vida de Portugal.","email":"marmela2015@gmail.com","telephone":"+351935425713"}]}},"_links":{"self":[{"href":"https:\/\/www.quintadamarmela.com\/pt\/wp-json\/wp\/v2\/pages\/233","targetHints":{"allow":["GET"]}}],"collection":[{"href":"https:\/\/www.quintadamarmela.com\/pt\/wp-json\/wp\/v2\/pages"}],"about":[{"href":"https:\/\/www.quintadamarmela.com\/pt\/wp-json\/wp\/v2\/types\/page"}],"author":[{"embeddable":true,"href":"https:\/\/www.quintadamarmela.com\/pt\/wp-json\/wp\/v2\/users\/1"}],"replies":[{"embeddable":true,"href":"https:\/\/www.quintadamarmela.com\/pt\/wp-json\/wp\/v2\/comments?post=233"}],"version-history":[{"count":14,"href":"https:\/\/www.quintadamarmela.com\/pt\/wp-json\/wp\/v2\/pages\/233\/revisions"}],"predecessor-version":[{"id":293,"href":"https:\/\/www.quintadamarmela.com\/pt\/wp-json\/wp\/v2\/pages\/233\/revisions\/293"}],"wp:attachment":[{"href":"https:\/\/www.quintadamarmela.com\/pt\/wp-json\/wp\/v2\/media?parent=233"}],"curies":[{"name":"wp","href":"https:\/\/api.w.org\/{rel}","templated":true}]}}